{"id":3167,"date":"2026-01-06T10:05:35","date_gmt":"2026-01-06T10:05:35","guid":{"rendered":"https:\/\/palmfenster.de\/?page_id=3167"},"modified":"2026-01-13T11:58:30","modified_gmt":"2026-01-13T11:58:30","slug":"uber-uns","status":"publish","type":"page","link":"https:\/\/palmfenster.de\/tr\/uber-uns\/","title":{"rendered":"Hakk\u0131m\u0131zda"},"content":{"rendered":"\t\t<div data-elementor-type=\"wp-page\" data-elementor-id=\"3167\" class=\"elementor elementor-3167\" data-elementor-post-type=\"page\">\n\t\t\t\t<div class=\"elementor-element elementor-element-84299d1 e-flex e-con-boxed e-con e-parent\" data-id=\"84299d1\" data-element_type=\"container\">\n\t\t\t\t\t<div class=\"e-con-inner\">\n\t\t\t\t<div class=\"elementor-element elementor-element-6b10194 elementor-headline--style-rotate elementor-widget elementor-widget-animated-headline\" data-id=\"6b10194\" data-element_type=\"widget\" data-settings=\"{&quot;headline_style&quot;:&quot;rotate&quot;,&quot;animation_type&quot;:&quot;typing&quot;,&quot;loop&quot;:&quot;yes&quot;,&quot;rotate_iteration_delay&quot;:2500}\" data-widget_type=\"animated-headline.default\">\n\t\t\t\t<div class=\"elementor-widget-container\">\n\t\t\t\t\t\t\t<h3 class=\"elementor-headline elementor-headline-animation-type-typing elementor-headline-letters\">\n\t\t\t\t\t<span class=\"elementor-headline-plain-text elementor-headline-text-wrapper\">\ud83d\udc64 \u00dcber uns?<\/span>\n\t\t\t\t<span class=\"elementor-headline-dynamic-wrapper elementor-headline-text-wrapper\">\n\t\t\t\t<\/span>\n\t\t\t\t<\/h3>\n\t\t\t\t\t\t<\/div>\n\t\t\t\t<\/div>\n\t\t\t\t\t<\/div>\n\t\t\t\t<\/div>\n\t\t<div class=\"elementor-element elementor-element-9b6f710 e-flex e-con-boxed e-con e-parent\" data-id=\"9b6f710\" data-element_type=\"container\">\n\t\t\t\t\t<div class=\"e-con-inner\">\n\t\t\t\t<div class=\"elementor-element elementor-element-30cb7b9 elementor-headline--style-rotate elementor-widget elementor-widget-animated-headline\" data-id=\"30cb7b9\" data-element_type=\"widget\" data-settings=\"{&quot;headline_style&quot;:&quot;rotate&quot;,&quot;animation_type&quot;:&quot;typing&quot;,&quot;loop&quot;:&quot;yes&quot;,&quot;rotate_iteration_delay&quot;:2500}\" data-widget_type=\"animated-headline.default\">\n\t\t\t\t<div class=\"elementor-widget-container\">\n\t\t\t\t\t\t\t<h3 class=\"elementor-headline elementor-headline-animation-type-typing elementor-headline-letters\">\n\t\t\t\t\t<span class=\"elementor-headline-plain-text elementor-headline-text-wrapper\">Engineering-Exzellenz hinter Palmfenster<\/span>\n\t\t\t\t<span class=\"elementor-headline-dynamic-wrapper elementor-headline-text-wrapper\">\n\t\t\t\t<\/span>\n\t\t\t\t<\/h3>\n\t\t\t\t\t\t<\/div>\n\t\t\t\t<\/div>\n\t\t\t\t\t<\/div>\n\t\t\t\t<\/div>\n\t\t<div class=\"elementor-element elementor-element-a8eeb41 e-flex e-con-boxed e-con e-parent\" data-id=\"a8eeb41\" data-element_type=\"container\">\n\t\t\t\t\t<div class=\"e-con-inner\">\n\t\t\t\t<div class=\"elementor-element elementor-element-8691363 elementor-widget elementor-widget-text-editor\" data-id=\"8691363\" data-element_type=\"widget\" data-widget_type=\"text-editor.default\">\n\t\t\t\t<div class=\"elementor-widget-container\">\n\t\t\t\t\t\t\t\t\t<p data-path-to-node=\"1\"><b data-path-to-node=\"1\" data-index-in-node=\"0\">Palmfenster<\/b> ist nicht nur eine Marke f\u00fcr <b data-path-to-node=\"1\" data-index-in-node=\"41\">Aluminium-Fenster<\/b> und <b data-path-to-node=\"1\" data-index-in-node=\"63\">Winterg\u00e4rten<\/b>, sondern die direkte Weitergabe von <b data-path-to-node=\"1\" data-index-in-node=\"112\">15 Jahren Branchenerfahrung<\/b> und akademischem Fachwissen an den Endkunden. Wir arbeiten mit einer Expertise, die Qualit\u00e4t und <b data-path-to-node=\"1\" data-index-in-node=\"237\">Ingenieurs-Perfektion<\/b> in jeder Phase unserer Produkte garantiert.<\/p><h2 data-path-to-node=\"2\">\ud83c\udf93 Das Fundament technischer Exzellenz<\/h2><p data-path-to-node=\"3\">Als Gr\u00fcnder von Palmfenster habe ich meinen Weg mit einer soliden akademischen Basis begonnen:<\/p><ul data-path-to-node=\"4\"><li><p data-path-to-node=\"4,0,0\"><b data-path-to-node=\"4,0,0\" data-index-in-node=\"0\">Maschinenbau (Bachelor):<\/b> Grundlegendes Ingenieurwissen, das es mir erm\u00f6glicht, die Dynamik von Systemen und die <b data-path-to-node=\"4,0,0\" data-index-in-node=\"112\">strukturelle Integrit\u00e4t<\/b> von Bauwerken tiefgreifend zu verstehen.<\/p><\/li><li><p data-path-to-node=\"4,1,0\"><b data-path-to-node=\"4,1,0\" data-index-in-node=\"0\">Metallurgie und Werkstofftechnik (Master):<\/b> Die Kompetenz, die chemische Struktur, die <b data-path-to-node=\"4,1,0\" data-index-in-node=\"86\">Widerstandsf\u00e4higkeit<\/b> und die optimalen Leistungsbedingungen des von uns verwendeten Aluminiums bis ins kleinste Detail zu kennen.<\/p><\/li><\/ul><p data-path-to-node=\"5\">Diese beiden Disziplinen stellen sicher, dass die von Palmfenster angebotenen Produkte nicht nur \u00e4sthetisch, sondern auch wissenschaftlich und technisch makellos sind.<\/p><h2 data-path-to-node=\"6\">\ud83c\udfed 15 Jahre Erfahrung in allen Phasen der Industrie<\/h2><p data-path-to-node=\"7\">In den 15 Jahren, die ich in dieser Branche verbracht habe, habe ich nicht nur die Montagephase, sondern die gesamten <b data-path-to-node=\"7\" data-index-in-node=\"118\">Produktionsprozesse<\/b> von Aluminium-Bausystemen von Grund auf beherrscht. Unsere Erfahrung umfasst jeden Schritt des Weges vom Rohstoff bis zum Endprodukt:<\/p><ul data-path-to-node=\"8\"><li><p data-path-to-node=\"8,0,0\"><b data-path-to-node=\"8,0,0\" data-index-in-node=\"0\">Schmelzwerk \/ Gie\u00dferei:<\/b> Wissen \u00fcber die Kontrolle der Qualit\u00e4t und Reinheit von Aluminium direkt am Ursprung.<\/p><\/li><li><p data-path-to-node=\"8,1,0\"><b data-path-to-node=\"8,1,0\" data-index-in-node=\"0\">Extrusion:<\/b> Erfahrung in der Herstellung von <b data-path-to-node=\"8,1,0\" data-index-in-node=\"44\">Fenster- und Wintergartenprofilen<\/b>, um sicherzustellen, dass Profilgeometrie und Stabilit\u00e4t auf h\u00f6chstem Niveau liegen.<\/p><\/li><li><p data-path-to-node=\"8,2,0\"><b data-path-to-node=\"8,2,0\" data-index-in-node=\"0\">Profilbearbeitung:<\/b> Fachwissen \u00fcber den Aufbau von Pr\u00e4zisionsprozessen f\u00fcr das Schneiden, Bohren und Bearbeiten von Profilen nach h\u00f6chsten Standards.<\/p><\/li><\/ul><p data-path-to-node=\"9\">Dank dieses Hintergrunds habe ich den Aufbau und Betrieb zahlreicher <b data-path-to-node=\"9\" data-index-in-node=\"69\">Aluminiumwerke<\/b> erfolgreich geleitet. Dies verleiht uns eine konkurrenzlose Kompetenz bei der Beurteilung, welches <b data-path-to-node=\"9\" data-index-in-node=\"183\">Aluminiumprofil<\/b> wirklich hochwertig ist und welches die beste <b data-path-to-node=\"9\" data-index-in-node=\"245\">W\u00e4rmed\u00e4mmung<\/b> bietet.<\/p><h2 data-path-to-node=\"10\">\u2728 Palmfenster: Unser Wissen f\u00fcr Ihr Zuhause<\/h2><p data-path-to-node=\"11\">Ich habe die Marke <b data-path-to-node=\"11\" data-index-in-node=\"19\">Palmfenster<\/b> gegr\u00fcndet, um dieses umfassende Wissen und diese langj\u00e4hrige Erfahrung nun direkt dem Endverbraucher zug\u00e4nglich zu machen.<\/p><p data-path-to-node=\"12\">Unsere Philosophie lautet: Es ist ebenso wichtig, ein Produkt fachgerecht zu <b data-path-to-node=\"12\" data-index-in-node=\"77\">montieren<\/b>, wie es in h\u00f6chster Qualit\u00e4t zu produzieren. Mit Palmfenster kaufen Sie nicht nur ein Aluminiumprodukt; Sie erhalten eine Dienstleistung, die unter der Garantie der kompetentesten <b data-path-to-node=\"12\" data-index-in-node=\"267\">Ingenieurserfahrung<\/b> der Branche steht.<\/p><p data-path-to-node=\"13\">Sie k\u00f6nnen sicher sein, dass Sie Ihr Projekt einem Experten anvertrauen, der die <b data-path-to-node=\"13\" data-index-in-node=\"81\">Materialwissenschaft<\/b>, die Produktionsprozesse und jedes Detail der Montage genau kennt.<\/p><p data-path-to-node=\"14\">Lernen Sie Palmfenster kennen. Entscheiden Sie sich bei Ihren L\u00f6sungen f\u00fcr <b data-path-to-node=\"14\" data-index-in-node=\"75\">Aluminium-Fenster<\/b> und <b data-path-to-node=\"14\" data-index-in-node=\"97\">Winterg\u00e4rten<\/b> nicht f\u00fcr einen gew\u00f6hnlichen Service, sondern f\u00fcr <b data-path-to-node=\"14\" data-index-in-node=\"160\">Engineering-Exzellenz<\/b>.<\/p><hr data-path-to-node=\"15\" \/><p data-path-to-node=\"16\"><b data-path-to-node=\"16\" data-index-in-node=\"0\">M\u00f6chten Sie Ihr Projekt mit echtem Ingenieurs-Know-how realisieren? Kontaktieren Sie uns f\u00fcr eine kostenlose Beratung!<\/b><\/p>\t\t\t\t\t\t\t\t<\/div>\n\t\t\t\t<\/div>\n\t\t\t\t\t<\/div>\n\t\t\t\t<\/div>\n\t\t<div class=\"elementor-element elementor-element-b5ceb1b e-flex e-con-boxed e-con e-parent\" data-id=\"b5ceb1b\" data-element_type=\"container\">\n\t\t\t\t\t<div class=\"e-con-inner\">\n\t\t\t\t<div class=\"elementor-element elementor-element-9c5a9fe elementor-widget-divider--separator-type-pattern elementor-widget-divider--view-line elementor-widget elementor-widget-divider\" data-id=\"9c5a9fe\" data-element_type=\"widget\" data-widget_type=\"divider.default\">\n\t\t\t\t<div class=\"elementor-widget-container\">\n\t\t\t\t\t\t\t<div class=\"elementor-divider\" style=\"--divider-pattern-url: url(&quot;data:image\/svg+xml,%3Csvg xmlns=&#039;http:\/\/www.w3.org\/2000\/svg&#039; preserveAspectRatio=&#039;none&#039; overflow=&#039;visible&#039; height=&#039;100%&#039; viewBox=&#039;0 0 24 24&#039; fill=&#039;none&#039; stroke=&#039;black&#039; stroke-width=&#039;1&#039; stroke-linecap=&#039;square&#039; stroke-miterlimit=&#039;10&#039;%3E%3Cpath d=&#039;M0,6c6,0,0.9,11.1,6.9,11.1S18,6,24,6&#039;\/%3E%3C\/svg%3E&quot;);\">\n\t\t\t<span class=\"elementor-divider-separator\">\n\t\t\t\t\t\t<\/span>\n\t\t<\/div>\n\t\t\t\t\t\t<\/div>\n\t\t\t\t<\/div>\n\t\t\t\t\t<\/div>\n\t\t\t\t<\/div>\n\t\t\t\t<\/div>\n\t\t","protected":false},"excerpt":{"rendered":"<p>\ud83d\udc64 \u00dcber uns? Engineering-Exzellenz hinter Palmfenster Palmfenster ist nicht nur eine Marke f\u00fcr Aluminium-Fenster und Winterg\u00e4rten, sondern die direkte Weitergabe von 15 Jahren Branchenerfahrung und akademischem Fachwissen an den Endkunden. Wir arbeiten mit einer Expertise, die Qualit\u00e4t und Ingenieurs-Perfektion in jeder Phase unserer Produkte garantiert. \ud83c\udf93 Das Fundament technischer Exzellenz Als Gr\u00fcnder von Palmfenster habe [&hellip;]<\/p>\n","protected":false},"author":1,"featured_media":0,"parent":0,"menu_order":0,"comment_status":"closed","ping_status":"closed","template":"","meta":{"_uag_custom_page_level_css":"","site-sidebar-layout":"no-sidebar","site-content-layout":"page-builder","ast-site-content-layout":"full-width-container","site-content-style":"default","site-sidebar-style":"default","ast-global-header-display":"","ast-banner-title-visibility":"","ast-main-header-display":"","ast-hfb-above-header-display":"","ast-hfb-below-header-display":"","ast-hfb-mobile-header-display":"","site-post-title":"disabled","ast-breadcrumbs-content":"","ast-featured-img":"disabled","footer-sml-layout":"","ast-disable-related-posts":"","theme-transparent-header-meta":"","adv-header-id-meta":"","stick-header-meta":"","header-above-stick-meta":"","header-main-stick-meta":"","header-below-stick-meta":"","astra-migrate-meta-layouts":"set","ast-page-background-enabled":"default","ast-page-background-meta":{"desktop":{"background-color":"var(--ast-global-color-4)","background-image":"","background-repeat":"repeat","background-position":"center center","background-size":"auto","background-attachment":"scroll","background-type":"","background-media":"","overlay-type":"","overlay-color":"","overlay-opacity":"","overlay-gradient":""},"tablet":{"background-color":"","background-image":"","background-repeat":"repeat","background-position":"center center","background-size":"auto","background-attachment":"scroll","background-type":"","background-media":"","overlay-type":"","overlay-color":"","overlay-opacity":"","overlay-gradient":""},"mobile":{"background-color":"","background-image":"","background-repeat":"repeat","background-position":"center center","background-size":"auto","background-attachment":"scroll","background-type":"","background-media":"","overlay-type":"","overlay-color":"","overlay-opacity":"","overlay-gradient":""}},"ast-content-background-meta":{"desktop":{"background-color":"var(--ast-global-color-5)","background-image":"","background-repeat":"repeat","background-position":"center center","background-size":"auto","background-attachment":"scroll","background-type":"","background-media":"","overlay-type":"","overlay-color":"","overlay-opacity":"","overlay-gradient":""},"tablet":{"background-color":"var(--ast-global-color-5)","background-image":"","background-repeat":"repeat","background-position":"center center","background-size":"auto","background-attachment":"scroll","background-type":"","background-media":"","overlay-type":"","overlay-color":"","overlay-opacity":"","overlay-gradient":""},"mobile":{"background-color":"var(--ast-global-color-5)","background-image":"","background-repeat":"repeat","background-position":"center center","background-size":"auto","background-attachment":"scroll","background-type":"","background-media":"","overlay-type":"","overlay-color":"","overlay-opacity":"","overlay-gradient":""}},"footnotes":""},"class_list":["post-3167","page","type-page","status-publish","hentry"],"_hostinger_reach_plugin_has_subscription_block":false,"_hostinger_reach_plugin_is_elementor":false,"uagb_featured_image_src":{"full":false,"thumbnail":false,"medium":false,"medium_large":false,"large":false,"1536x1536":false,"2048x2048":false},"uagb_author_info":{"display_name":"palmfenster.de","author_link":"https:\/\/palmfenster.de\/tr\/author\/palmfenster-de\/"},"uagb_comment_info":0,"uagb_excerpt":"\ud83d\udc64 \u00dcber uns? Engineering-Exzellenz hinter Palmfenster Palmfenster ist nicht nur eine Marke f\u00fcr Aluminium-Fenster und Winterg\u00e4rten, sondern die direkte Weitergabe von 15 Jahren Branchenerfahrung und akademischem Fachwissen an den Endkunden. Wir arbeiten mit einer Expertise, die Qualit\u00e4t und Ingenieurs-Perfektion in jeder Phase unserer Produkte garantiert. \ud83c\udf93 Das Fundament technischer Exzellenz Als Gr\u00fcnder von Palmfenster habe&hellip;","_links":{"self":[{"href":"https:\/\/palmfenster.de\/tr\/wp-json\/wp\/v2\/pages\/3167","targetHints":{"allow":["GET"]}}],"collection":[{"href":"https:\/\/palmfenster.de\/tr\/wp-json\/wp\/v2\/pages"}],"about":[{"href":"https:\/\/palmfenster.de\/tr\/wp-json\/wp\/v2\/types\/page"}],"author":[{"embeddable":true,"href":"https:\/\/palmfenster.de\/tr\/wp-json\/wp\/v2\/users\/1"}],"replies":[{"embeddable":true,"href":"https:\/\/palmfenster.de\/tr\/wp-json\/wp\/v2\/comments?post=3167"}],"version-history":[{"count":2,"href":"https:\/\/palmfenster.de\/tr\/wp-json\/wp\/v2\/pages\/3167\/revisions"}],"predecessor-version":[{"id":3170,"href":"https:\/\/palmfenster.de\/tr\/wp-json\/wp\/v2\/pages\/3167\/revisions\/3170"}],"wp:attachment":[{"href":"https:\/\/palmfenster.de\/tr\/wp-json\/wp\/v2\/media?parent=3167"}],"curies":[{"name":"wp","href":"https:\/\/api.w.org\/{rel}","templated":true}]}}