{"id":3116,"date":"2026-01-21T10:28:27","date_gmt":"2026-01-21T10:28:27","guid":{"rendered":"https:\/\/palmfenster.de\/ana-sayfa\/"},"modified":"2026-01-05T08:26:58","modified_gmt":"2026-01-05T08:26:58","slug":"ana-sayfa","status":"publish","type":"page","link":"https:\/\/palmfenster.de\/tr\/","title":{"rendered":"Ana Sayfa"},"content":{"rendered":"\t\t<div data-elementor-type=\"wp-page\" data-elementor-id=\"3116\" class=\"elementor elementor-3116 elementor-3272\" data-elementor-post-type=\"page\">\n\t\t\t\t<div class=\"elementor-element elementor-element-9e1a3b7 e-flex e-con-boxed e-con e-parent\" data-id=\"9e1a3b7\" data-element_type=\"container\" data-settings=\"{&quot;background_background&quot;:&quot;classic&quot;}\">\n\t\t\t\t\t<div class=\"e-con-inner\">\n\t\t\t\t<div class=\"elementor-element elementor-element-130c3ac elementor-widget elementor-widget-heading\" data-id=\"130c3ac\" data-element_type=\"widget\" data-widget_type=\"heading.default\">\n\t\t\t\t<div class=\"elementor-widget-container\">\n\t\t\t\t\t<h2 class=\"elementor-heading-title elementor-size-default\"><b>Siz hayal edin, biz ger\u00e7ekle\u015ftirelim<\/b><\/h2>\t\t\t\t<\/div>\n\t\t\t\t<\/div>\n\t\t\t\t\t<\/div>\n\t\t\t\t<\/div>\n\t\t<div class=\"elementor-element elementor-element-eef07f1 e-flex e-con-boxed e-con e-parent\" data-id=\"eef07f1\" data-element_type=\"container\" data-settings=\"{&quot;background_background&quot;:&quot;classic&quot;}\">\n\t\t\t\t\t<div class=\"e-con-inner\">\n\t\t<div class=\"elementor-element elementor-element-8f73ee5 e-con-full e-flex e-con e-child\" data-id=\"8f73ee5\" data-element_type=\"container\">\n\t\t<div class=\"elementor-element elementor-element-96bd614 e-con-full e-flex e-con e-child\" data-id=\"96bd614\" data-element_type=\"container\">\n\t\t<div class=\"elementor-element elementor-element-f6f7e27 e-flex e-con-boxed e-con e-child\" data-id=\"f6f7e27\" data-element_type=\"container\">\n\t\t\t\t\t<div class=\"e-con-inner\">\n\t\t<div class=\"elementor-element elementor-element-a306a4a e-con-full e-flex e-con e-child\" data-id=\"a306a4a\" data-element_type=\"container\">\n\t\t<div class=\"elementor-element elementor-element-5822dc4 e-flex e-con-boxed e-con e-child\" data-id=\"5822dc4\" data-element_type=\"container\">\n\t\t\t\t\t<div class=\"e-con-inner\">\n\t\t\t\t<div class=\"elementor-element elementor-element-85cc8cf elementor-widget elementor-widget-image\" data-id=\"85cc8cf\" data-element_type=\"widget\" data-widget_type=\"image.default\">\n\t\t\t\t<div class=\"elementor-widget-container\">\n\t\t\t\t\t\t\t\t\t\t\t\t\t\t\t\t<a href=\"https:\/\/palmfenster.de\/kis-bahcesi-sistemleri\/\">\n\t\t\t\t\t\t\t<img fetchpriority=\"high\" decoding=\"async\" width=\"1080\" height=\"1080\" src=\"https:\/\/palmfenster.de\/wp-content\/uploads\/2025\/11\/Adsiz-tasarim-11.png\" class=\"attachment-full size-full wp-image-3107\" alt=\"ads\u0131z tasar\u0131m (11)\" srcset=\"https:\/\/palmfenster.de\/wp-content\/uploads\/2025\/11\/Adsiz-tasarim-11.png 1080w, https:\/\/palmfenster.de\/wp-content\/uploads\/2025\/11\/Adsiz-tasarim-11-300x300.png 300w, https:\/\/palmfenster.de\/wp-content\/uploads\/2025\/11\/Adsiz-tasarim-11-1024x1024.png 1024w, https:\/\/palmfenster.de\/wp-content\/uploads\/2025\/11\/Adsiz-tasarim-11-150x150.png 150w, https:\/\/palmfenster.de\/wp-content\/uploads\/2025\/11\/Adsiz-tasarim-11-768x768.png 768w\" sizes=\"(max-width: 1080px) 100vw, 1080px\" title=\"Ana Sayfa\">\t\t\t\t\t\t\t\t<\/a>\n\t\t\t\t\t\t\t\t\t\t\t\t\t\t\t<\/div>\n\t\t\t\t<\/div>\n\t\t\t\t<div class=\"elementor-element elementor-element-7c7b016 elementor-button-success elementor-align-center elementor-widget__width-inherit elementor-widget elementor-widget-button\" data-id=\"7c7b016\" data-element_type=\"widget\" data-widget_type=\"button.default\">\n\t\t\t\t<div class=\"elementor-widget-container\">\n\t\t\t\t\t\t\t\t\t<div class=\"elementor-button-wrapper\">\n\t\t\t\t\t<a class=\"elementor-button elementor-button-link elementor-size-sm\" href=\"https:\/\/palmfenster.de\/kis-bahcesi-sistemleri\/\">\n\t\t\t\t\t\t<span class=\"elementor-button-content-wrapper\">\n\t\t\t\t\t\t<span class=\"elementor-button-icon\">\n\t\t\t\t<i aria-hidden=\"true\" class=\"far fa-snowflake\"><\/i>\t\t\t<\/span>\n\t\t\t\t\t\t\t\t\t<span class=\"elementor-button-text\">K\u0131\u015f Bah\u00e7esi<\/span>\n\t\t\t\t\t<\/span>\n\t\t\t\t\t<\/a>\n\t\t\t\t<\/div>\n\t\t\t\t\t\t\t\t<\/div>\n\t\t\t\t<\/div>\n\t\t\t\t\t<\/div>\n\t\t\t\t<\/div>\n\t\t<div class=\"elementor-element elementor-element-39b81fb e-flex e-con-boxed e-con e-child\" data-id=\"39b81fb\" data-element_type=\"container\">\n\t\t\t\t\t<div class=\"e-con-inner\">\n\t\t\t\t<div class=\"elementor-element elementor-element-66dde07 elementor-widget elementor-widget-image\" data-id=\"66dde07\" data-element_type=\"widget\" data-widget_type=\"image.default\">\n\t\t\t\t<div class=\"elementor-widget-container\">\n\t\t\t\t\t\t\t\t\t\t\t\t\t\t\t\t<a href=\"https:\/\/palmfenster.de\/gunes-ve-ruzgar-koruma-sistemleri\/\">\n\t\t\t\t\t\t\t<img decoding=\"async\" width=\"1024\" height=\"1024\" src=\"https:\/\/palmfenster.de\/wp-content\/uploads\/2025\/11\/flux-kontext-max_Create_four_separate_ultra-realistic_product_photos_showcasing_modern_outdoor_sh-0.jpg\" class=\"attachment-full size-full wp-image-3108\" alt=\"flux kontext max create four separate ultra realistic product photos showcasing modern outdoor sh 0\" srcset=\"https:\/\/palmfenster.de\/wp-content\/uploads\/2025\/11\/flux-kontext-max_Create_four_separate_ultra-realistic_product_photos_showcasing_modern_outdoor_sh-0.jpg 1024w, https:\/\/palmfenster.de\/wp-content\/uploads\/2025\/11\/flux-kontext-max_Create_four_separate_ultra-realistic_product_photos_showcasing_modern_outdoor_sh-0-300x300.jpg 300w, https:\/\/palmfenster.de\/wp-content\/uploads\/2025\/11\/flux-kontext-max_Create_four_separate_ultra-realistic_product_photos_showcasing_modern_outdoor_sh-0-150x150.jpg 150w, https:\/\/palmfenster.de\/wp-content\/uploads\/2025\/11\/flux-kontext-max_Create_four_separate_ultra-realistic_product_photos_showcasing_modern_outdoor_sh-0-768x768.jpg 768w\" sizes=\"(max-width: 1024px) 100vw, 1024px\" title=\"Ana Sayfa\">\t\t\t\t\t\t\t\t<\/a>\n\t\t\t\t\t\t\t\t\t\t\t\t\t\t\t<\/div>\n\t\t\t\t<\/div>\n\t\t\t\t<div class=\"elementor-element elementor-element-1600f05 elementor-button-success elementor-align-center elementor-widget__width-inherit elementor-widget elementor-widget-button\" data-id=\"1600f05\" data-element_type=\"widget\" data-widget_type=\"button.default\">\n\t\t\t\t<div class=\"elementor-widget-container\">\n\t\t\t\t\t\t\t\t\t<div class=\"elementor-button-wrapper\">\n\t\t\t\t\t<a class=\"elementor-button elementor-button-link elementor-size-sm\" href=\"https:\/\/palmfenster.de\/gunes-ve-ruzgar-koruma-sistemleri\/\">\n\t\t\t\t\t\t<span class=\"elementor-button-content-wrapper\">\n\t\t\t\t\t\t<span class=\"elementor-button-icon\">\n\t\t\t\t<i aria-hidden=\"true\" class=\"far fa-sun\"><\/i>\t\t\t<\/span>\n\t\t\t\t\t\t\t\t\t<span class=\"elementor-button-text\">G\u00fcne\u015f ve R\u00fczgar Koruma Sistemleri<\/span>\n\t\t\t\t\t<\/span>\n\t\t\t\t\t<\/a>\n\t\t\t\t<\/div>\n\t\t\t\t\t\t\t\t<\/div>\n\t\t\t\t<\/div>\n\t\t\t\t\t<\/div>\n\t\t\t\t<\/div>\n\t\t<div class=\"elementor-element elementor-element-db379a5 e-flex e-con-boxed e-con e-child\" data-id=\"db379a5\" data-element_type=\"container\">\n\t\t\t\t\t<div class=\"e-con-inner\">\n\t\t\t\t<div class=\"elementor-element elementor-element-ece35b4 elementor-widget elementor-widget-image\" data-id=\"ece35b4\" data-element_type=\"widget\" data-widget_type=\"image.default\">\n\t\t\t\t<div class=\"elementor-widget-container\">\n\t\t\t\t\t\t\t\t\t\t\t\t\t\t\t\t<a href=\"https:\/\/palmfenster.de\/kapi-ve-pencere-sistemleri-pvc-aluminyum\/\">\n\t\t\t\t\t\t\t<img decoding=\"async\" width=\"1024\" height=\"1024\" src=\"https:\/\/palmfenster.de\/wp-content\/uploads\/2025\/11\/pencere-sistemleri.png\" class=\"attachment-full size-full wp-image-3109\" alt=\"pencere sistemleri\" srcset=\"https:\/\/palmfenster.de\/wp-content\/uploads\/2025\/11\/pencere-sistemleri.png 1024w, https:\/\/palmfenster.de\/wp-content\/uploads\/2025\/11\/pencere-sistemleri-300x300.png 300w, https:\/\/palmfenster.de\/wp-content\/uploads\/2025\/11\/pencere-sistemleri-150x150.png 150w, https:\/\/palmfenster.de\/wp-content\/uploads\/2025\/11\/pencere-sistemleri-768x768.png 768w\" sizes=\"(max-width: 1024px) 100vw, 1024px\" title=\"Ana Sayfa\">\t\t\t\t\t\t\t\t<\/a>\n\t\t\t\t\t\t\t\t\t\t\t\t\t\t\t<\/div>\n\t\t\t\t<\/div>\n\t\t\t\t<div class=\"elementor-element elementor-element-7921232 elementor-button-success elementor-align-center elementor-widget__width-inherit elementor-widget elementor-widget-button\" data-id=\"7921232\" data-element_type=\"widget\" data-widget_type=\"button.default\">\n\t\t\t\t<div class=\"elementor-widget-container\">\n\t\t\t\t\t\t\t\t\t<div class=\"elementor-button-wrapper\">\n\t\t\t\t\t<a class=\"elementor-button elementor-button-link elementor-size-sm\" href=\"https:\/\/palmfenster.de\/kapi-ve-pencere-sistemleri-pvc-aluminyum\/\">\n\t\t\t\t\t\t<span class=\"elementor-button-content-wrapper\">\n\t\t\t\t\t\t<span class=\"elementor-button-icon\">\n\t\t\t\t<i aria-hidden=\"true\" class=\"fas fa-door-closed\"><\/i>\t\t\t<\/span>\n\t\t\t\t\t\t\t\t\t<span class=\"elementor-button-text\">Kap\u0131 ve Pencere Sistemleri<\/span>\n\t\t\t\t\t<\/span>\n\t\t\t\t\t<\/a>\n\t\t\t\t<\/div>\n\t\t\t\t\t\t\t\t<\/div>\n\t\t\t\t<\/div>\n\t\t\t\t\t<\/div>\n\t\t\t\t<\/div>\n\t\t\t\t<\/div>\n\t\t\t\t\t<\/div>\n\t\t\t\t<\/div>\n\t\t\t\t<\/div>\n\t\t\t\t<\/div>\n\t\t\t\t\t<\/div>\n\t\t\t\t<\/div>\n\t\t<div class=\"elementor-element elementor-element-f457a2d e-flex e-con-boxed e-con e-parent\" data-id=\"f457a2d\" data-element_type=\"container\">\n\t\t\t\t\t<div class=\"e-con-inner\">\n\t\t<div class=\"elementor-element elementor-element-3b5731b e-con-full e-flex e-con e-child\" data-id=\"3b5731b\" data-element_type=\"container\">\n\t\t\t\t<div class=\"elementor-element elementor-element-51a9953 elementor-widget elementor-widget-text-editor\" data-id=\"51a9953\" data-element_type=\"widget\" data-widget_type=\"text-editor.default\">\n\t\t\t\t<div class=\"elementor-widget-container\">\n\t\t\t\t\t\t\t\t\t<p>Hakk\u0131m\u0131zda<\/p>\t\t\t\t\t\t\t\t<\/div>\n\t\t\t\t<\/div>\n\t\t\t\t<div class=\"elementor-element elementor-element-63972dd elementor-widget elementor-widget-hfe-infocard\" data-id=\"63972dd\" data-element_type=\"widget\" data-widget_type=\"hfe-infocard.default\">\n\t\t\t\t<div class=\"elementor-widget-container\">\n\t\t\t\t\t\n\t\t<div class=\"hfe-infocard\">\n\t\t\t\t\t\t\t\t\t<div class=\"hfe-infocard-title-wrap\">\n\t\t\t\t<h4 class=\"hfe-infocard-title elementor-inline-editing\" data-elementor-setting-key=\"infocard_title\" data-elementor-inline-editing-toolbar=\"basic\" >Palmfenster, \u00e7a\u011fda\u015f ya\u015fam alanlar\u0131 i\u00e7in pencere, kap\u0131, k\u0131\u015f bah\u00e7esi ve di\u011fer y\u00fcksek kaliteli al\u00fcminyum sistem \u00e7\u00f6z\u00fcmleri geli\u015ftiren ve \u00fcreten modern bir yap\u0131 markas\u0131d\u0131r.<\/h4>\t\t\t<\/div>\n\t\t\t\t\t\t<div class=\"hfe-infocard-text-wrap\">\n\t\t\t\t<div class=\"hfe-infocard-text elementor-inline-editing\" data-elementor-setting-key=\"infocard_description\" data-elementor-inline-editing-toolbar=\"advanced\">\n\t\t\t\t\t\u00dcretim s\u00fcrecimizde, uzun \u00f6m\u00fcrl\u00fcl\u00fck, birinci s\u0131n\u0131f yal\u0131t\u0131m performans\u0131 ve s\u00fcrd\u00fcr\u00fclebilir kullan\u0131m \u00f6nceli\u011fimizdir. Hem konut hem de ticari projelerde mimari gereksinimleri hassas bir \u015fekilde analiz ederek, i\u015flevsel ve estetik \u00e7\u00f6z\u00fcmler sunmay\u0131 hedefliyoruz. \n\nKullan\u0131lan t\u00fcm malzemeler uluslararas\u0131 kalite standartlar\u0131na uygundur ve montaj s\u00fcre\u00e7leri teknik gerekliliklere s\u0131k\u0131 s\u0131k\u0131ya ba\u011fl\u0131 kal\u0131narak ger\u00e7ekle\u015ftirilir. Palmfenster, m\u00fc\u015fterilerimizin beklentilerini en \u00fcst d\u00fczeyde ve tamamen ger\u00e7ek\u00e7i bir \u015fekilde kar\u015f\u0131lamak i\u00e7in \u015feffaf ve uzman bir yakla\u015f\u0131m izlemektedir. \t\t\t\t<\/div>\n\t\t\t\t\t\t\t<\/div>\n\t\t<\/div>\n\n\t\t\t\t\t\t<\/div>\n\t\t\t\t<\/div>\n\t\t\t\t<\/div>\n\t\t<div class=\"elementor-element elementor-element-162cad4 elementor-hidden-mobile e-con-full e-flex e-con e-child\" data-id=\"162cad4\" data-element_type=\"container\">\n\t\t\t\t<div class=\"elementor-element elementor-element-8aee090 elementor-widget elementor-widget-image\" data-id=\"8aee090\" data-element_type=\"widget\" data-widget_type=\"image.default\">\n\t\t\t\t<div class=\"elementor-widget-container\">\n\t\t\t\t\t\t\t\t\t\t\t\t\t\t\t<img loading=\"lazy\" decoding=\"async\" width=\"1080\" height=\"1350\" src=\"https:\/\/palmfenster.de\/wp-content\/uploads\/2025\/11\/Kis-Bahcesi-2-3.jpg\" class=\"attachment-full size-full wp-image-3110\" alt=\"k\u0131\u015f bah\u00e7esi 2\" srcset=\"https:\/\/palmfenster.de\/wp-content\/uploads\/2025\/11\/Kis-Bahcesi-2-3.jpg 1080w, https:\/\/palmfenster.de\/wp-content\/uploads\/2025\/11\/Kis-Bahcesi-2-3-240x300.jpg 240w, https:\/\/palmfenster.de\/wp-content\/uploads\/2025\/11\/Kis-Bahcesi-2-3-819x1024.jpg 819w, https:\/\/palmfenster.de\/wp-content\/uploads\/2025\/11\/Kis-Bahcesi-2-3-768x960.jpg 768w\" sizes=\"(max-width: 1080px) 100vw, 1080px\" title=\"Ana Sayfa\">\t\t\t\t\t\t\t\t\t\t\t\t\t\t\t<\/div>\n\t\t\t\t<\/div>\n\t\t\t\t<\/div>\n\t\t\t\t\t<\/div>\n\t\t\t\t<\/div>\n\t\t<div class=\"elementor-element elementor-element-05850e7 e-flex e-con-boxed e-con e-parent\" data-id=\"05850e7\" data-element_type=\"container\">\n\t\t\t\t\t<div class=\"e-con-inner\">\n\t\t\t\t<div class=\"elementor-element elementor-element-b8a3fd3 elementor-headline--style-highlight elementor-widget elementor-widget-animated-headline\" data-id=\"b8a3fd3\" data-element_type=\"widget\" data-settings=\"{&quot;marker&quot;:&quot;underline&quot;,&quot;highlighted_text&quot;:&quot;Referans Projeler&quot;,&quot;headline_style&quot;:&quot;highlight&quot;,&quot;loop&quot;:&quot;yes&quot;,&quot;highlight_animation_duration&quot;:1200,&quot;highlight_iteration_delay&quot;:8000}\" data-widget_type=\"animated-headline.default\">\n\t\t\t\t<div class=\"elementor-widget-container\">\n\t\t\t\t\t\t\t<h3 class=\"elementor-headline\">\n\t\t\t\t<span class=\"elementor-headline-dynamic-wrapper elementor-headline-text-wrapper\">\n\t\t\t\t\t<span class=\"elementor-headline-dynamic-text elementor-headline-text-active\">Referans Projeler<\/span>\n\t\t\t\t<\/span>\n\t\t\t\t<\/h3>\n\t\t\t\t\t\t<\/div>\n\t\t\t\t<\/div>\n\t\t\t\t<div class=\"elementor-element elementor-element-9da6414 elementor--h-position-center elementor--v-position-middle elementor-arrows-position-inside elementor-pagination-position-inside elementor-widget elementor-widget-slides\" data-id=\"9da6414\" data-element_type=\"widget\" data-settings=\"{&quot;navigation&quot;:&quot;both&quot;,&quot;autoplay&quot;:&quot;yes&quot;,&quot;pause_on_hover&quot;:&quot;yes&quot;,&quot;pause_on_interaction&quot;:&quot;yes&quot;,&quot;autoplay_speed&quot;:5000,&quot;infinite&quot;:&quot;yes&quot;,&quot;transition&quot;:&quot;slide&quot;,&quot;transition_speed&quot;:500}\" data-widget_type=\"slides.default\">\n\t\t\t\t<div class=\"elementor-widget-container\">\n\t\t\t\t\t\t\t\t\t<div class=\"elementor-swiper\">\n\t\t\t\t\t<div class=\"elementor-slides-wrapper elementor-main-swiper swiper\" role=\"region\" aria-roledescription=\"carousel\" aria-label=\"Slides\" dir=\"ltr\" data-animation=\"fadeInUp\">\n\t\t\t\t<div class=\"swiper-wrapper elementor-slides\">\n\t\t\t\t\t\t\t\t\t\t<div class=\"elementor-repeater-item-2af4f11 swiper-slide\" role=\"group\" aria-roledescription=\"slide\"><div class=\"swiper-slide-bg\" role=\"img\" aria-label=\"gif\"><\/div><div class=\"swiper-slide-inner\" ><div class=\"swiper-slide-contents\"><div class=\"elementor-slide-heading\">Giyotin Sistem<\/div><\/div><\/div><\/div><div class=\"elementor-repeater-item-510939c swiper-slide\" role=\"group\" aria-roledescription=\"slide\"><div class=\"swiper-slide-bg\" role=\"img\" aria-label=\"k\u0131\u015f bah\u00e7esi 2\"><\/div><div class=\"swiper-slide-inner\" ><div class=\"swiper-slide-contents\"><div class=\"elementor-slide-heading\">S\u00fcrg\u00fcl\u00fc Kap\u0131l\u0131 K\u0131\u015f Bah\u00e7esi Sistemi<\/div><\/div><\/div><\/div><div class=\"elementor-repeater-item-bd482d8 swiper-slide\" role=\"group\" aria-roledescription=\"slide\"><div class=\"swiper-slide-bg\" role=\"img\" aria-label=\"giyton sistem k\u0131\u015f bah\u00e7esi\"><\/div><div class=\"swiper-slide-inner\" ><div class=\"swiper-slide-contents\"><div class=\"elementor-slide-heading\">Giyotin Sistem<\/div><\/div><\/div><\/div><div class=\"elementor-repeater-item-93f4864 swiper-slide\" role=\"group\" aria-roledescription=\"slide\"><div class=\"swiper-slide-bg\" role=\"img\" aria-label=\"s\u00fcrg\u00fc kap\u0131l\u0131 sistem k\u0131\u015f bah\u00e7esi\"><\/div><div class=\"swiper-slide-inner\" ><div class=\"swiper-slide-contents\"><div class=\"elementor-slide-heading\">Cam Tavan K\u0131\u015f Bah\u00e7esi<\/div><\/div><\/div><\/div><div class=\"elementor-repeater-item-b706dc0 swiper-slide\" role=\"group\" aria-roledescription=\"slide\"><div class=\"swiper-slide-bg\" role=\"img\" aria-label=\"pergola sistem cafe uygulamas\u0131 3\"><\/div><div class=\"swiper-slide-inner\" ><div class=\"swiper-slide-contents\"><div class=\"elementor-slide-heading\">Restoran-Cafe Uygulamalar\u0131<\/div><\/div><\/div><\/div>\t\t\t\t<\/div>\n\t\t\t\t\t\t\t\t\t\t\t\t\t\t\t<div class=\"elementor-swiper-button elementor-swiper-button-prev\" role=\"button\" tabindex=\"0\" aria-label=\"Previous slide\">\n\t\t\t\t\t\t\t<i aria-hidden=\"true\" class=\"eicon-chevron-left\"><\/i>\t\t\t\t\t\t<\/div>\n\t\t\t\t\t\t<div class=\"elementor-swiper-button elementor-swiper-button-next\" role=\"button\" tabindex=\"0\" aria-label=\"Next slide\">\n\t\t\t\t\t\t\t<i aria-hidden=\"true\" class=\"eicon-chevron-right\"><\/i>\t\t\t\t\t\t<\/div>\n\t\t\t\t\t\t\t\t\t\t\t\t\t\t\t\t<div class=\"swiper-pagination\"><\/div>\n\t\t\t\t\t\t\t\t\t\t\t\t<\/div>\n\t\t\t\t<\/div>\n\t\t\t\t\t\t\t\t<\/div>\n\t\t\t\t<\/div>\n\t\t\t\t\t<\/div>\n\t\t\t\t<\/div>\n\t\t\t\t<\/div>\n\t\t","protected":false},"excerpt":{"rendered":"<p>Siz hayal edin, biz ger\u00e7ekle\u015ftirelim K\u0131\u015f Bah\u00e7esi G\u00fcne\u015f ve R\u00fczgar Koruma Sistemleri Kap\u0131 ve Pencere Sistemleri Hakk\u0131m\u0131zda Palmfenster, \u00e7a\u011fda\u015f ya\u015fam alanlar\u0131 i\u00e7in pencere, kap\u0131, k\u0131\u015f bah\u00e7esi ve di\u011fer y\u00fcksek kaliteli al\u00fcminyum sistem \u00e7\u00f6z\u00fcmleri geli\u015ftiren ve \u00fcreten modern bir yap\u0131 markas\u0131d\u0131r. \u00dcretim s\u00fcrecimizde, uzun \u00f6m\u00fcrl\u00fcl\u00fck, birinci s\u0131n\u0131f yal\u0131t\u0131m performans\u0131 ve s\u00fcrd\u00fcr\u00fclebilir kullan\u0131m \u00f6nceli\u011fimizdir. Hem konut hem [&hellip;]<\/p>\n","protected":false},"author":1,"featured_media":0,"parent":0,"menu_order":0,"comment_status":"closed","ping_status":"closed","template":"","meta":{"_uag_custom_page_level_css":"","site-sidebar-layout":"no-sidebar","site-content-layout":"page-builder","ast-site-content-layout":"full-width-container","site-content-style":"unboxed","site-sidebar-style":"unboxed","ast-global-header-display":"","ast-banner-title-visibility":"","ast-main-header-display":"","ast-hfb-above-header-display":"","ast-hfb-below-header-display":"","ast-hfb-mobile-header-display":"","site-post-title":"disabled","ast-breadcrumbs-content":"","ast-featured-img":"disabled","footer-sml-layout":"","ast-disable-related-posts":"","theme-transparent-header-meta":"enabled","adv-header-id-meta":"","stick-header-meta":"","header-above-stick-meta":"","header-main-stick-meta":"","header-below-stick-meta":"","astra-migrate-meta-layouts":"default","ast-page-background-enabled":"default","ast-page-background-meta":{"desktop":{"background-color":"var(--ast-global-color-4)","background-image":"","background-repeat":"repeat","background-position":"center center","background-size":"auto","background-attachment":"scroll","background-type":"","background-media":"","overlay-type":"","overlay-color":"","overlay-opacity":"","overlay-gradient":""},"tablet":{"background-color":"","background-image":"","background-repeat":"repeat","background-position":"center center","background-size":"auto","background-attachment":"scroll","background-type":"","background-media":"","overlay-type":"","overlay-color":"","overlay-opacity":"","overlay-gradient":""},"mobile":{"background-color":"","background-image":"","background-repeat":"repeat","background-position":"center center","background-size":"auto","background-attachment":"scroll","background-type":"","background-media":"","overlay-type":"","overlay-color":"","overlay-opacity":"","overlay-gradient":""}},"ast-content-background-meta":{"desktop":{"background-color":"var(--ast-global-color-5)","background-image":"","background-repeat":"repeat","background-position":"center center","background-size":"auto","background-attachment":"scroll","background-type":"","background-media":"","overlay-type":"","overlay-color":"","overlay-opacity":"","overlay-gradient":""},"tablet":{"background-color":"var(--ast-global-color-5)","background-image":"","background-repeat":"repeat","background-position":"center center","background-size":"auto","background-attachment":"scroll","background-type":"","background-media":"","overlay-type":"","overlay-color":"","overlay-opacity":"","overlay-gradient":""},"mobile":{"background-color":"var(--ast-global-color-5)","background-image":"","background-repeat":"repeat","background-position":"center center","background-size":"auto","background-attachment":"scroll","background-type":"","background-media":"","overlay-type":"","overlay-color":"","overlay-opacity":"","overlay-gradient":""}},"footnotes":""},"class_list":["post-3116","page","type-page","status-publish","hentry"],"_hostinger_reach_plugin_has_subscription_block":false,"_hostinger_reach_plugin_is_elementor":false,"uagb_featured_image_src":{"full":false,"thumbnail":false,"medium":false,"medium_large":false,"large":false,"1536x1536":false,"2048x2048":false},"uagb_author_info":{"display_name":"palmfenster.de","author_link":"https:\/\/palmfenster.de\/tr\/author\/palmfenster-de\/"},"uagb_comment_info":0,"uagb_excerpt":"Siz hayal edin, biz ger\u00e7ekle\u015ftirelim K\u0131\u015f Bah\u00e7esi G\u00fcne\u015f ve R\u00fczgar Koruma Sistemleri Kap\u0131 ve Pencere Sistemleri Hakk\u0131m\u0131zda Palmfenster, \u00e7a\u011fda\u015f ya\u015fam alanlar\u0131 i\u00e7in pencere, kap\u0131, k\u0131\u015f bah\u00e7esi ve di\u011fer y\u00fcksek kaliteli al\u00fcminyum sistem \u00e7\u00f6z\u00fcmleri geli\u015ftiren ve \u00fcreten modern bir yap\u0131 markas\u0131d\u0131r. \u00dcretim s\u00fcrecimizde, uzun \u00f6m\u00fcrl\u00fcl\u00fck, birinci s\u0131n\u0131f yal\u0131t\u0131m performans\u0131 ve s\u00fcrd\u00fcr\u00fclebilir kullan\u0131m \u00f6nceli\u011fimizdir. Hem konut hem&hellip;","_links":{"self":[{"href":"https:\/\/palmfenster.de\/tr\/wp-json\/wp\/v2\/pages\/3116","targetHints":{"allow":["GET"]}}],"collection":[{"href":"https:\/\/palmfenster.de\/tr\/wp-json\/wp\/v2\/pages"}],"about":[{"href":"https:\/\/palmfenster.de\/tr\/wp-json\/wp\/v2\/types\/page"}],"author":[{"embeddable":true,"href":"https:\/\/palmfenster.de\/tr\/wp-json\/wp\/v2\/users\/1"}],"replies":[{"embeddable":true,"href":"https:\/\/palmfenster.de\/tr\/wp-json\/wp\/v2\/comments?post=3116"}],"version-history":[{"count":4,"href":"https:\/\/palmfenster.de\/tr\/wp-json\/wp\/v2\/pages\/3116\/revisions"}],"predecessor-version":[{"id":3144,"href":"https:\/\/palmfenster.de\/tr\/wp-json\/wp\/v2\/pages\/3116\/revisions\/3144"}],"wp:attachment":[{"href":"https:\/\/palmfenster.de\/tr\/wp-json\/wp\/v2\/media?parent=3116"}],"curies":[{"name":"wp","href":"https:\/\/api.w.org\/{rel}","templated":true}]}}