{"id":3048,"date":"2025-12-29T12:59:02","date_gmt":"2025-12-29T12:59:02","guid":{"rendered":"https:\/\/palmfenster.de\/?page_id=3048"},"modified":"2025-12-29T12:59:04","modified_gmt":"2025-12-29T12:59:04","slug":"aluminyum-panjur","status":"publish","type":"page","link":"https:\/\/palmfenster.de\/tr\/aluminyum-panjur\/","title":{"rendered":"Al\u00fcminyum Panjur"},"content":{"rendered":"\t\t<div data-elementor-type=\"wp-page\" data-elementor-id=\"3048\" class=\"elementor elementor-3048\" data-elementor-post-type=\"page\">\n\t\t\t\t<div class=\"elementor-element elementor-element-d9713c4 e-flex e-con-boxed e-con e-parent\" data-id=\"d9713c4\" data-element_type=\"container\">\n\t\t\t\t\t<div class=\"e-con-inner\">\n\t\t<div class=\"elementor-element elementor-element-3485ff4 e-con-full e-flex e-con e-child\" data-id=\"3485ff4\" data-element_type=\"container\">\n\t\t\t\t<div class=\"elementor-element elementor-element-21f49d6 elementor-widget elementor-widget-image\" data-id=\"21f49d6\" data-element_type=\"widget\" data-widget_type=\"image.default\">\n\t\t\t\t<div class=\"elementor-widget-container\">\n\t\t\t\t\t\t\t\t\t\t\t\t\t\t\t<img fetchpriority=\"high\" decoding=\"async\" width=\"1024\" height=\"1024\" src=\"https:\/\/palmfenster.de\/wp-content\/uploads\/2025\/11\/4-1024x1024.png\" class=\"attachment-large size-large wp-image-3136\" alt=\"4\" srcset=\"https:\/\/palmfenster.de\/wp-content\/uploads\/2025\/11\/4-1024x1024.png 1024w, https:\/\/palmfenster.de\/wp-content\/uploads\/2025\/11\/4-300x300.png 300w, https:\/\/palmfenster.de\/wp-content\/uploads\/2025\/11\/4-150x150.png 150w, https:\/\/palmfenster.de\/wp-content\/uploads\/2025\/11\/4-768x768.png 768w, https:\/\/palmfenster.de\/wp-content\/uploads\/2025\/11\/4.png 1080w\" sizes=\"(max-width: 1024px) 100vw, 1024px\" title=\"Al\u00fcminyum Panjur\">\t\t\t\t\t\t\t\t\t\t\t\t\t\t\t<\/div>\n\t\t\t\t<\/div>\n\t\t\t\t<\/div>\n\t\t<div class=\"elementor-element elementor-element-10311f0 e-con-full e-flex e-con e-child\" data-id=\"10311f0\" data-element_type=\"container\">\n\t\t\t\t<div class=\"elementor-element elementor-element-10a161b elementor-widget elementor-widget-heading\" data-id=\"10a161b\" data-element_type=\"widget\" data-widget_type=\"heading.default\">\n\t\t\t\t<div class=\"elementor-widget-container\">\n\t\t\t\t\t<h2 class=\"elementor-heading-title elementor-size-default\"><b>G\u00fcvenlik \u015eeffafla\u015ft\u0131<\/b><\/h2>\t\t\t\t<\/div>\n\t\t\t\t<\/div>\n\t\t\t\t<div class=\"elementor-element elementor-element-8158d9b elementor-widget elementor-widget-text-editor\" data-id=\"8158d9b\" data-element_type=\"widget\" data-widget_type=\"text-editor.default\">\n\t\t\t\t<div class=\"elementor-widget-container\">\n\t\t\t\t\t\t\t\t\t<p style=\"font-style: inherit; font-weight: inherit;\"><span style=\"font-weight: 400;\">Al\u00fcminyum panjur sistemlerimiz, modern ya\u015fam alanlar\u0131 i\u00e7in estetik, dayan\u0131kl\u0131 ve fonksiyonel \u00e7\u00f6z\u00fcmler sunar. Y\u00fcksek kaliteli al\u00fcminyum profiller ve \u00f6zel tasarlanm\u0131\u015f mekanizmalar sayesinde uzun \u00f6m\u00fcrl\u00fc kullan\u0131m sa\u011flar.<\/span><\/p><p style=\"font-style: inherit; font-weight: inherit;\"><span style=\"font-weight: 400;\">Al\u00fcminyum panjurlar, sadece evinizi veya i\u015f yerinizi d\u0131\u015f etkenlerden korumakla kalmaz; ayn\u0131 zamanda <\/span><b>\u0131s\u0131 yal\u0131t\u0131m\u0131<\/b><span style=\"font-weight: 400;\"> sa\u011flayarak enerji tasarrufuna katk\u0131da bulunur. Yaz\u0131n s\u0131cak havay\u0131 engeller, k\u0131\u015f\u0131n ise i\u00e7 mek\u00e2n\u0131n s\u0131cakl\u0131\u011f\u0131n\u0131 muhafaza eder.<\/span><\/p>\t\t\t\t\t\t\t\t<\/div>\n\t\t\t\t<\/div>\n\t\t\t\t<\/div>\n\t\t\t\t\t<\/div>\n\t\t\t\t<\/div>\n\t\t<div class=\"elementor-element elementor-element-7e11ce7 e-flex e-con-boxed e-con e-parent\" data-id=\"7e11ce7\" data-element_type=\"container\">\n\t\t\t\t\t<div class=\"e-con-inner\">\n\t\t\t\t<div class=\"elementor-element elementor-element-22add38 elementor-align-center elementor-widget elementor-widget-button\" data-id=\"22add38\" data-element_type=\"widget\" data-widget_type=\"button.default\">\n\t\t\t\t<div class=\"elementor-widget-container\">\n\t\t\t\t\t\t\t\t\t<div class=\"elementor-button-wrapper\">\n\t\t\t\t\t<a class=\"elementor-button elementor-button-link elementor-size-sm\" href=\"https:\/\/wa.me\/+4915733930745\">\n\t\t\t\t\t\t<span class=\"elementor-button-content-wrapper\">\n\t\t\t\t\t\t<span class=\"elementor-button-icon\">\n\t\t\t\t<i aria-hidden=\"true\" class=\"fab fa-whatsapp\"><\/i>\t\t\t<\/span>\n\t\t\t\t\t\t\t\t\t<span class=\"elementor-button-text\">\u00dccretsiz Ke\u015fif ve Teklif \u0130\u00e7in<\/span>\n\t\t\t\t\t<\/span>\n\t\t\t\t\t<\/a>\n\t\t\t\t<\/div>\n\t\t\t\t\t\t\t\t<\/div>\n\t\t\t\t<\/div>\n\t\t\t\t\t<\/div>\n\t\t\t\t<\/div>\n\t\t<div class=\"elementor-element elementor-element-59ca1a9 e-flex e-con-boxed e-con e-parent\" data-id=\"59ca1a9\" data-element_type=\"container\">\n\t\t\t\t\t<div class=\"e-con-inner\">\n\t\t<div class=\"elementor-element elementor-element-85abc2a e-con-full e-flex e-con e-child\" data-id=\"85abc2a\" data-element_type=\"container\">\n\t\t\t\t<div class=\"elementor-element elementor-element-108a064 elementor-widget elementor-widget-heading\" data-id=\"108a064\" data-element_type=\"widget\" data-widget_type=\"heading.default\">\n\t\t\t\t<div class=\"elementor-widget-container\">\n\t\t\t\t\t<h2 class=\"elementor-heading-title elementor-size-default\"><b>Maksimum Enerji Verimlili\u011fi<\/b><\/h2>\t\t\t\t<\/div>\n\t\t\t\t<\/div>\n\t\t\t\t<div class=\"elementor-element elementor-element-4ca2c14 elementor-widget elementor-widget-text-editor\" data-id=\"4ca2c14\" data-element_type=\"widget\" data-widget_type=\"text-editor.default\">\n\t\t\t\t<div class=\"elementor-widget-container\">\n\t\t\t\t\t\t\t\t\t<p style=\"font-style: inherit; font-weight: inherit;\"><span style=\"font-weight: 400;\">Kullan\u0131m kolayl\u0131\u011f\u0131 ile dikkat \u00e7eken panjur sistemlerimiz, manuel veya motorlu se\u00e7eneklerle kontrol edilebilir. Ayr\u0131ca dayan\u0131kl\u0131 yap\u0131s\u0131 sayesinde r\u00fczg\u00e2r, ya\u011fmur ve UV \u0131\u015f\u0131nlar\u0131na kar\u015f\u0131 y\u00fcksek diren\u00e7 sunar.<\/span><\/p><p style=\"font-style: inherit; font-weight: inherit;\"><span style=\"font-weight: 400;\">Al\u00fcminyum panjur sistemlerimiz:<\/span><\/p><p style=\"font-style: inherit;\"><span style=\"font-weight: 400;\">&#8211;<\/span><b><u>Is\u0131 yal\u0131t\u0131m\u0131<\/u><\/b><span style=\"font-weight: 400;\"> ve enerji verimlili\u011fi sa\u011flar.<\/span><\/p><p style=\"font-style: inherit;\"><span style=\"font-weight: 400;\">-Ev ve i\u015f yerlerinde<u> <\/u><\/span><b><u>g\u00fcvenlik ve mahremiyet<\/u><\/b><span style=\"font-weight: 400;\"> sunar.<\/span><\/p><p style=\"font-style: inherit; font-weight: inherit;\"><span style=\"font-weight: 400;\">-Dayan\u0131kl\u0131 al\u00fcminyum profilleriyle uzun \u00f6m\u00fcrl\u00fc kullan\u0131m garantiler.<\/span><\/p><p style=\"font-style: inherit;\"><span style=\"font-weight: 400;\">&#8211;<\/span><b><u>Manuel veya motorlu<\/u><\/b><span style=\"font-weight: 400;\"> kullan\u0131m se\u00e7enekleri ile konfor sa\u011flar.<\/span><\/p><p style=\"font-style: inherit;\"><span style=\"font-weight: 400;\">&#8211;<\/span><b><u>Kolay temizlenebilir<\/u><\/b><span style=\"font-weight: 400;\"> y\u00fczeyleri ile bak\u0131m s\u00fcrecini kolayla\u015ft\u0131r\u0131r.<\/span><\/p><p style=\"font-style: inherit; font-weight: inherit;\">\u00a0<\/p><h2 style=\"font-weight: 400;\" data-elementor-setting-key=\"title\" data-pen-placeholder=\"Type Here...\">\u00a0<\/h2>\t\t\t\t\t\t\t\t<\/div>\n\t\t\t\t<\/div>\n\t\t\t\t<\/div>\n\t\t<div class=\"elementor-element elementor-element-f900736 e-con-full e-flex e-con e-child\" data-id=\"f900736\" data-element_type=\"container\">\n\t\t\t\t<div class=\"elementor-element elementor-element-cac9642 elementor-widget elementor-widget-image\" data-id=\"cac9642\" data-element_type=\"widget\" data-widget_type=\"image.default\">\n\t\t\t\t<div class=\"elementor-widget-container\">\n\t\t\t\t\t\t\t\t\t\t\t\t\t\t\t<img decoding=\"async\" width=\"1024\" height=\"1024\" src=\"https:\/\/palmfenster.de\/wp-content\/uploads\/2025\/11\/Adsiz-tasarim-17-1024x1024.png\" class=\"attachment-large size-large wp-image-3137\" alt=\"ads\u0131z tasar\u0131m (17)\" srcset=\"https:\/\/palmfenster.de\/wp-content\/uploads\/2025\/11\/Adsiz-tasarim-17-1024x1024.png 1024w, https:\/\/palmfenster.de\/wp-content\/uploads\/2025\/11\/Adsiz-tasarim-17-300x300.png 300w, https:\/\/palmfenster.de\/wp-content\/uploads\/2025\/11\/Adsiz-tasarim-17-150x150.png 150w, https:\/\/palmfenster.de\/wp-content\/uploads\/2025\/11\/Adsiz-tasarim-17-768x768.png 768w, https:\/\/palmfenster.de\/wp-content\/uploads\/2025\/11\/Adsiz-tasarim-17.png 1080w\" sizes=\"(max-width: 1024px) 100vw, 1024px\" title=\"Al\u00fcminyum Panjur\">\t\t\t\t\t\t\t\t\t\t\t\t\t\t\t<\/div>\n\t\t\t\t<\/div>\n\t\t\t\t<\/div>\n\t\t\t\t\t<\/div>\n\t\t\t\t<\/div>\n\t\t<div class=\"elementor-element elementor-element-84299d1 e-flex e-con-boxed e-con e-parent\" data-id=\"84299d1\" data-element_type=\"container\">\n\t\t\t\t\t<div class=\"e-con-inner\">\n\t\t\t\t<div class=\"elementor-element elementor-element-6b10194 elementor-headline--style-highlight elementor-widget elementor-widget-animated-headline\" data-id=\"6b10194\" data-element_type=\"widget\" data-settings=\"{&quot;highlighted_text&quot;:&quot;Tasarrufu&quot;,&quot;headline_style&quot;:&quot;highlight&quot;,&quot;marker&quot;:&quot;circle&quot;,&quot;loop&quot;:&quot;yes&quot;,&quot;highlight_animation_duration&quot;:1200,&quot;highlight_iteration_delay&quot;:8000}\" data-widget_type=\"animated-headline.default\">\n\t\t\t\t<div class=\"elementor-widget-container\">\n\t\t\t\t\t\t\t<h3 class=\"elementor-headline\">\n\t\t\t\t\t<span class=\"elementor-headline-plain-text elementor-headline-text-wrapper\">G\u00fcvenlik, Konfor ve Enerji <\/span>\n\t\t\t\t<span class=\"elementor-headline-dynamic-wrapper elementor-headline-text-wrapper\">\n\t\t\t\t\t<span class=\"elementor-headline-dynamic-text elementor-headline-text-active\">Tasarrufu<\/span>\n\t\t\t\t<\/span>\n\t\t\t\t<\/h3>\n\t\t\t\t\t\t<\/div>\n\t\t\t\t<\/div>\n\t\t\t\t\t<\/div>\n\t\t\t\t<\/div>\n\t\t<div class=\"elementor-element elementor-element-9abd5ad e-flex e-con-boxed e-con e-parent\" data-id=\"9abd5ad\" data-element_type=\"container\">\n\t\t\t\t\t<div class=\"e-con-inner\">\n\t\t\t\t<div class=\"elementor-element elementor-element-0a205b7 elementor-widget elementor-widget-heading\" data-id=\"0a205b7\" data-element_type=\"widget\" data-widget_type=\"heading.default\">\n\t\t\t\t<div class=\"elementor-widget-container\">\n\t\t\t\t\t<h4 class=\"elementor-heading-title elementor-size-default\">Modern, g\u00fcvenli ve enerji tasarruflu bir \u00e7\u00f6z\u00fcm ar\u0131yorsan\u0131z, al\u00fcminyum panjur sistemlerimiz tam size g\u00f6re.<\/h4>\t\t\t\t<\/div>\n\t\t\t\t<\/div>\n\t\t\t\t\t<\/div>\n\t\t\t\t<\/div>\n\t\t\t\t<\/div>\n\t\t","protected":false},"excerpt":{"rendered":"<p>G\u00fcvenlik \u015eeffafla\u015ft\u0131 Al\u00fcminyum panjur sistemlerimiz, modern ya\u015fam alanlar\u0131 i\u00e7in estetik, dayan\u0131kl\u0131 ve fonksiyonel \u00e7\u00f6z\u00fcmler sunar. Y\u00fcksek kaliteli al\u00fcminyum profiller ve \u00f6zel tasarlanm\u0131\u015f mekanizmalar sayesinde uzun \u00f6m\u00fcrl\u00fc kullan\u0131m sa\u011flar. Al\u00fcminyum panjurlar, sadece evinizi veya i\u015f yerinizi d\u0131\u015f etkenlerden korumakla kalmaz; ayn\u0131 zamanda \u0131s\u0131 yal\u0131t\u0131m\u0131 sa\u011flayarak enerji tasarrufuna katk\u0131da bulunur. Yaz\u0131n s\u0131cak havay\u0131 engeller, k\u0131\u015f\u0131n ise i\u00e7 [&hellip;]<\/p>\n","protected":false},"author":1,"featured_media":0,"parent":0,"menu_order":0,"comment_status":"closed","ping_status":"closed","template":"","meta":{"_uag_custom_page_level_css":"","site-sidebar-layout":"no-sidebar","site-content-layout":"page-builder","ast-site-content-layout":"full-width-container","site-content-style":"default","site-sidebar-style":"default","ast-global-header-display":"","ast-banner-title-visibility":"","ast-main-header-display":"","ast-hfb-above-header-display":"","ast-hfb-below-header-display":"","ast-hfb-mobile-header-display":"","site-post-title":"","ast-breadcrumbs-content":"","ast-featured-img":"disabled","footer-sml-layout":"","ast-disable-related-posts":"","theme-transparent-header-meta":"","adv-header-id-meta":"","stick-header-meta":"","header-above-stick-meta":"","header-main-stick-meta":"","header-below-stick-meta":"","astra-migrate-meta-layouts":"set","ast-page-background-enabled":"default","ast-page-background-meta":{"desktop":{"background-color":"var(--ast-global-color-4)","background-image":"","background-repeat":"repeat","background-position":"center center","background-size":"auto","background-attachment":"scroll","background-type":"","background-media":"","overlay-type":"","overlay-color":"","overlay-opacity":"","overlay-gradient":""},"tablet":{"background-color":"","background-image":"","background-repeat":"repeat","background-position":"center center","background-size":"auto","background-attachment":"scroll","background-type":"","background-media":"","overlay-type":"","overlay-color":"","overlay-opacity":"","overlay-gradient":""},"mobile":{"background-color":"","background-image":"","background-repeat":"repeat","background-position":"center center","background-size":"auto","background-attachment":"scroll","background-type":"","background-media":"","overlay-type":"","overlay-color":"","overlay-opacity":"","overlay-gradient":""}},"ast-content-background-meta":{"desktop":{"background-color":"var(--ast-global-color-5)","background-image":"","background-repeat":"repeat","background-position":"center center","background-size":"auto","background-attachment":"scroll","background-type":"","background-media":"","overlay-type":"","overlay-color":"","overlay-opacity":"","overlay-gradient":""},"tablet":{"background-color":"var(--ast-global-color-5)","background-image":"","background-repeat":"repeat","background-position":"center center","background-size":"auto","background-attachment":"scroll","background-type":"","background-media":"","overlay-type":"","overlay-color":"","overlay-opacity":"","overlay-gradient":""},"mobile":{"background-color":"var(--ast-global-color-5)","background-image":"","background-repeat":"repeat","background-position":"center center","background-size":"auto","background-attachment":"scroll","background-type":"","background-media":"","overlay-type":"","overlay-color":"","overlay-opacity":"","overlay-gradient":""}},"footnotes":""},"class_list":["post-3048","page","type-page","status-publish","hentry"],"_hostinger_reach_plugin_has_subscription_block":false,"_hostinger_reach_plugin_is_elementor":false,"uagb_featured_image_src":{"full":false,"thumbnail":false,"medium":false,"medium_large":false,"large":false,"1536x1536":false,"2048x2048":false},"uagb_author_info":{"display_name":"palmfenster.de","author_link":"https:\/\/palmfenster.de\/tr\/author\/palmfenster-de\/"},"uagb_comment_info":0,"uagb_excerpt":"G\u00fcvenlik \u015eeffafla\u015ft\u0131 Al\u00fcminyum panjur sistemlerimiz, modern ya\u015fam alanlar\u0131 i\u00e7in estetik, dayan\u0131kl\u0131 ve fonksiyonel \u00e7\u00f6z\u00fcmler sunar. Y\u00fcksek kaliteli al\u00fcminyum profiller ve \u00f6zel tasarlanm\u0131\u015f mekanizmalar sayesinde uzun \u00f6m\u00fcrl\u00fc kullan\u0131m sa\u011flar. Al\u00fcminyum panjurlar, sadece evinizi veya i\u015f yerinizi d\u0131\u015f etkenlerden korumakla kalmaz; ayn\u0131 zamanda \u0131s\u0131 yal\u0131t\u0131m\u0131 sa\u011flayarak enerji tasarrufuna katk\u0131da bulunur. Yaz\u0131n s\u0131cak havay\u0131 engeller, k\u0131\u015f\u0131n ise i\u00e7&hellip;","_links":{"self":[{"href":"https:\/\/palmfenster.de\/tr\/wp-json\/wp\/v2\/pages\/3048","targetHints":{"allow":["GET"]}}],"collection":[{"href":"https:\/\/palmfenster.de\/tr\/wp-json\/wp\/v2\/pages"}],"about":[{"href":"https:\/\/palmfenster.de\/tr\/wp-json\/wp\/v2\/types\/page"}],"author":[{"embeddable":true,"href":"https:\/\/palmfenster.de\/tr\/wp-json\/wp\/v2\/users\/1"}],"replies":[{"embeddable":true,"href":"https:\/\/palmfenster.de\/tr\/wp-json\/wp\/v2\/comments?post=3048"}],"version-history":[{"count":1,"href":"https:\/\/palmfenster.de\/tr\/wp-json\/wp\/v2\/pages\/3048\/revisions"}],"predecessor-version":[{"id":3071,"href":"https:\/\/palmfenster.de\/tr\/wp-json\/wp\/v2\/pages\/3048\/revisions\/3071"}],"wp:attachment":[{"href":"https:\/\/palmfenster.de\/tr\/wp-json\/wp\/v2\/media?parent=3048"}],"curies":[{"name":"wp","href":"https:\/\/api.w.org\/{rel}","templated":true}]}}