{"id":3015,"date":"2026-01-21T12:57:06","date_gmt":"2026-01-21T12:57:06","guid":{"rendered":"https:\/\/palmfenster.de\/?page_id=3015"},"modified":"2025-12-29T15:11:34","modified_gmt":"2025-12-29T15:11:34","slug":"kumas-pergola","status":"publish","type":"page","link":"https:\/\/palmfenster.de\/tr\/kumas-pergola\/","title":{"rendered":"Kuma\u015f Pergola"},"content":{"rendered":"\t\t<div data-elementor-type=\"wp-page\" data-elementor-id=\"3015\" class=\"elementor elementor-3015 elementor-3303\" data-elementor-post-type=\"page\">\n\t\t\t\t<div class=\"elementor-element elementor-element-1e6b461 e-con-full e-flex e-con e-parent\" data-id=\"1e6b461\" data-element_type=\"container\">\n\t\t\t\t<div class=\"elementor-element elementor-element-b883c29 elementor-widget elementor-widget-image\" data-id=\"b883c29\" data-element_type=\"widget\" data-widget_type=\"image.default\">\n\t\t\t\t<div class=\"elementor-widget-container\">\n\t\t\t\t\t\t\t\t\t\t\t\t\t\t\t<img fetchpriority=\"high\" decoding=\"async\" width=\"1920\" height=\"700\" src=\"https:\/\/palmfenster.de\/wp-content\/uploads\/2025\/11\/Adsiz-1920-x-700-piksel-6.png\" class=\"attachment-full size-full wp-image-2713\" alt=\"ads\u0131z (1920 x 700 piksel) (6)\" srcset=\"https:\/\/palmfenster.de\/wp-content\/uploads\/2025\/11\/Adsiz-1920-x-700-piksel-6.png 1920w, https:\/\/palmfenster.de\/wp-content\/uploads\/2025\/11\/Adsiz-1920-x-700-piksel-6-300x109.png 300w, https:\/\/palmfenster.de\/wp-content\/uploads\/2025\/11\/Adsiz-1920-x-700-piksel-6-1024x373.png 1024w, https:\/\/palmfenster.de\/wp-content\/uploads\/2025\/11\/Adsiz-1920-x-700-piksel-6-768x280.png 768w, https:\/\/palmfenster.de\/wp-content\/uploads\/2025\/11\/Adsiz-1920-x-700-piksel-6-1536x560.png 1536w\" sizes=\"(max-width: 1920px) 100vw, 1920px\" title=\"Kuma\u015f Pergola\">\t\t\t\t\t\t\t\t\t\t\t\t\t\t\t<\/div>\n\t\t\t\t<\/div>\n\t\t\t\t<\/div>\n\t\t<div class=\"elementor-element elementor-element-84299d1 e-flex e-con-boxed e-con e-parent\" data-id=\"84299d1\" data-element_type=\"container\">\n\t\t\t\t\t<div class=\"e-con-inner\">\n\t\t\t\t<div class=\"elementor-element elementor-element-03310ca elementor-align-center elementor-widget elementor-widget-button\" data-id=\"03310ca\" data-element_type=\"widget\" data-widget_type=\"button.default\">\n\t\t\t\t<div class=\"elementor-widget-container\">\n\t\t\t\t\t\t\t\t\t<div class=\"elementor-button-wrapper\">\n\t\t\t\t\t<a class=\"elementor-button elementor-button-link elementor-size-sm\" href=\"https:\/\/wa.me\/+4915733930745\">\n\t\t\t\t\t\t<span class=\"elementor-button-content-wrapper\">\n\t\t\t\t\t\t<span class=\"elementor-button-icon\">\n\t\t\t\t<i aria-hidden=\"true\" class=\"fab fa-whatsapp\"><\/i>\t\t\t<\/span>\n\t\t\t\t\t\t\t\t\t<span class=\"elementor-button-text\">\u00dccretsiz Ke\u015fif ve Teklif \u0130\u00e7in<\/span>\n\t\t\t\t\t<\/span>\n\t\t\t\t\t<\/a>\n\t\t\t\t<\/div>\n\t\t\t\t\t\t\t\t<\/div>\n\t\t\t\t<\/div>\n\t\t\t\t<div class=\"elementor-element elementor-element-6b10194 elementor-headline--style-highlight elementor-widget elementor-widget-animated-headline\" data-id=\"6b10194\" data-element_type=\"widget\" data-settings=\"{&quot;highlighted_text&quot;:&quot;Bulu\\u015fmas\\u0131&quot;,&quot;headline_style&quot;:&quot;highlight&quot;,&quot;marker&quot;:&quot;circle&quot;,&quot;loop&quot;:&quot;yes&quot;,&quot;highlight_animation_duration&quot;:1200,&quot;highlight_iteration_delay&quot;:8000}\" data-widget_type=\"animated-headline.default\">\n\t\t\t\t<div class=\"elementor-widget-container\">\n\t\t\t\t\t\t\t<h3 class=\"elementor-headline\">\n\t\t\t\t\t<span class=\"elementor-headline-plain-text elementor-headline-text-wrapper\"> A\u00e7\u0131k Alanlarda Estetik ve Konforun <\/span>\n\t\t\t\t<span class=\"elementor-headline-dynamic-wrapper elementor-headline-text-wrapper\">\n\t\t\t\t\t<span class=\"elementor-headline-dynamic-text elementor-headline-text-active\">Bulu\u015fmas\u0131<\/span>\n\t\t\t\t<\/span>\n\t\t\t\t<\/h3>\n\t\t\t\t\t\t<\/div>\n\t\t\t\t<\/div>\n\t\t\t\t\t<\/div>\n\t\t\t\t<\/div>\n\t\t<div class=\"elementor-element elementor-element-0ac571a e-flex e-con-boxed e-con e-parent\" data-id=\"0ac571a\" data-element_type=\"container\">\n\t\t\t\t\t<div class=\"e-con-inner\">\n\t\t\t\t<div class=\"elementor-element elementor-element-898dda9 elementor-widget elementor-widget-text-editor\" data-id=\"898dda9\" data-element_type=\"widget\" data-widget_type=\"text-editor.default\">\n\t\t\t\t<div class=\"elementor-widget-container\">\n\t\t\t\t\t\t\t\t\t<h1><img decoding=\"async\" class=\"emoji\" role=\"img\" draggable=\"false\" src=\"https:\/\/s.w.org\/images\/core\/emoji\/16.0.1\/svg\/2600.svg\" alt=\"\u2600\ufe0f\" title=\"Kuma\u015f Pergola\"> Kuma\u015f Pergola Sistemleri: Estetik ve Fonksiyonel G\u00f6lge<\/h1><h2>A\u00e7\u0131k Alanlar\u0131n\u0131z\u0131 D\u00f6rt Mevsim \u015e\u0131k Bir Ya\u015fam Merkezine \u00c7evirin!<\/h2><p data-path-to-node=\"5\">Kuma\u015f pergola sistemleri, bah\u00e7e, veranda veya teras gibi a\u00e7\u0131k alanlar\u0131n\u0131z\u0131 <b>hem \u015f\u0131k hem de fonksiyonel<\/b> hale getirerek, y\u0131l boyunca kullan\u0131ma olanak tan\u0131r.<\/p><p data-path-to-node=\"6\"><b>Hafif ve dayan\u0131kl\u0131 kuma\u015f yap\u0131s\u0131<\/b>, sizi g\u00fcne\u015fin yak\u0131c\u0131 etkilerinden, ya\u011fmurdan ve hafif r\u00fczg\u00e2rdan korurken; modern tasar\u0131m\u0131yla mek\u00e2nlar\u0131n\u0131za <b>zarif ve estetik bir dokunu\u015f<\/b> katar.<\/p><hr data-path-to-node=\"7\" \/><h3><img decoding=\"async\" class=\"emoji\" role=\"img\" draggable=\"false\" src=\"https:\/\/s.w.org\/images\/core\/emoji\/16.0.1\/svg\/2728.svg\" alt=\"\u2728\" title=\"Kuma\u015f Pergola\"> Kuma\u015f Pergola Avantajlar\u0131<\/h3><ul data-path-to-node=\"9\"><li><p data-path-to-node=\"9,0,0\"><b>Esnek ve Kolay Kontrol:<\/b> A\u00e7\u0131l\u0131r-kapan\u0131r kuma\u015f mekanizmas\u0131 sayesinde g\u00f6lge ve \u0131\u015f\u0131k miktar\u0131n\u0131 anl\u0131k ihtiyac\u0131n\u0131za g\u00f6re kolayca ayarlayabilir, tam kontrol elde edebilirsiniz.<\/p><\/li><li><p data-path-to-node=\"9,1,0\"><b>Hava Ko\u015fullar\u0131na Kar\u015f\u0131 Koruma:<\/b> G\u00fcne\u015fin UV \u0131\u015f\u0131nlar\u0131na, ya\u011fmura ve hafif r\u00fczg\u00e2ra kar\u015f\u0131 g\u00fcvenli ve konforlu bir kullan\u0131m alan\u0131 yarat\u0131r.<\/p><\/li><li><p data-path-to-node=\"9,2,0\"><b>Modern Mek\u00e2n Tasar\u0131m\u0131:<\/b> Zarif ve minimalist yap\u0131s\u0131yla evinize veya i\u015f yerinize de\u011fer katar, modern bir g\u00f6r\u00fcn\u00fcm sunar.<\/p><\/li><li><p data-path-to-node=\"9,3,0\"><b>Uzun \u00d6m\u00fcrl\u00fc Yat\u0131r\u0131m:<\/b> Y\u00fcksek kaliteli kuma\u015f ve sa\u011flam al\u00fcminyum profiller sayesinde sisteminiz y\u0131llarca sorunsuz ve g\u00fcvenilir bir \u015fekilde hizmet verir.<\/p><\/li><li><p data-path-to-node=\"9,4,0\"><b>Pratik Bak\u0131m:<\/b> Kuma\u015f ve al\u00fcminyum profillerin kolay temizlenebilir y\u00fczeyi sayesinde bak\u0131m ve hijyen pratik \u015fekilde sa\u011flan\u0131r.<\/p><\/li><li><p data-path-to-node=\"9,5,0\"><b>Ki\u015fiye \u00d6zel \u00c7\u00f6z\u00fcmler:<\/b> Geni\u015f renk ve \u00f6l\u00e7\u00fc se\u00e7enekleriyle, her mimari tarza ve alana \u00f6zel tasar\u0131mlar yapma imkan\u0131 sunar\u0131z.<\/p><\/li><\/ul><hr data-path-to-node=\"14\" \/><h2><img decoding=\"async\" class=\"emoji\" role=\"img\" draggable=\"false\" src=\"https:\/\/s.w.org\/images\/core\/emoji\/16.0.1\/svg\/1f4de.svg\" alt=\"\ud83d\udcde\" title=\"Kuma\u015f Pergola\">\u00a0<a style=\"background-color: #ffffff; font-size: 1rem;\" href=\"https:\/\/wa.me\/+4915733930745\" target=\"_blank\" rel=\"noopener\">\u015e\u0131k ve Konforlu Alan\u0131n\u0131z \u0130\u00e7in Teklif Al\u0131n!<\/a><\/h2><p data-path-to-node=\"16\"><b>Size \u00f6zel renk ve \u00f6l\u00e7\u00fclerde kuma\u015f pergola sistemi i\u00e7in hemen bizimle ileti\u015fime ge\u00e7in.<\/b><\/p>\t\t\t\t\t\t\t\t<\/div>\n\t\t\t\t<\/div>\n\t\t\t\t\t<\/div>\n\t\t\t\t<\/div>\n\t\t<div class=\"elementor-element elementor-element-a35eeab e-grid e-con-boxed e-con e-parent\" data-id=\"a35eeab\" data-element_type=\"container\">\n\t\t\t\t\t<div class=\"e-con-inner\">\n\t\t\t\t<div class=\"elementor-element elementor-element-30eaf14 elementor-widget elementor-widget-image\" data-id=\"30eaf14\" data-element_type=\"widget\" data-widget_type=\"image.default\">\n\t\t\t\t<div class=\"elementor-widget-container\">\n\t\t\t\t\t\t\t\t\t\t\t\t\t\t\t<img decoding=\"async\" width=\"338\" height=\"450\" src=\"https:\/\/palmfenster.de\/wp-content\/uploads\/2025\/11\/gif-5.gif\" class=\"attachment-large size-large wp-image-2764\" alt=\"gif (5)\" title=\"Kuma\u015f Pergola\">\t\t\t\t\t\t\t\t\t\t\t\t\t\t\t<\/div>\n\t\t\t\t<\/div>\n\t\t\t\t<div class=\"elementor-element elementor-element-2b48e45 elementor-widget elementor-widget-text-editor\" data-id=\"2b48e45\" data-element_type=\"widget\" data-widget_type=\"text-editor.default\">\n\t\t\t\t<div class=\"elementor-widget-container\">\n\t\t\t\t\t\t\t\t\t<h3>\u00a0<\/h3><h3>\u00a0<\/h3><h3><img decoding=\"async\" class=\"emoji\" role=\"img\" draggable=\"false\" src=\"https:\/\/s.w.org\/images\/core\/emoji\/16.0.1\/svg\/1f3e1.svg\" alt=\"\ud83c\udfe1\" title=\"Kuma\u015f Pergola\"> Kuma\u015f Pergola Kullan\u0131m Alanlar\u0131<\/h3><ul data-path-to-node=\"12\"><li><p data-path-to-node=\"12,0,0\">Ev bah\u00e7esi ve teraslar<\/p><\/li><li><p data-path-to-node=\"12,1,0\">Restoran ve kafe a\u00e7\u0131k alanlar\u0131<\/p><\/li><li><p data-path-to-node=\"12,2,0\">Otel ve sosyal tesis d\u0131\u015f mek\u00e2nlar\u0131<\/p><\/li><li><p data-path-to-node=\"12,3,0\">Balkon ve veranda uygulamalar\u0131<\/p><\/li><\/ul><p data-path-to-node=\"13\">Kuma\u015f pergola sistemleri, ya\u015fam alanlar\u0131n\u0131z\u0131 daha konforlu, \u015f\u0131k ve de\u011ferli hale getiren ideal \u00e7\u00f6z\u00fcmd\u00fcr.<\/p>\t\t\t\t\t\t\t\t<\/div>\n\t\t\t\t<\/div>\n\t\t\t\t\t<\/div>\n\t\t\t\t<\/div>\n\t\t\t\t<\/div>\n\t\t","protected":false},"excerpt":{"rendered":"<p>\u00dccretsiz Ke\u015fif ve Teklif \u0130\u00e7in A\u00e7\u0131k Alanlarda Estetik ve Konforun Bulu\u015fmas\u0131 Kuma\u015f Pergola Sistemleri: Estetik ve Fonksiyonel G\u00f6lge A\u00e7\u0131k Alanlar\u0131n\u0131z\u0131 D\u00f6rt Mevsim \u015e\u0131k Bir Ya\u015fam Merkezine \u00c7evirin! Kuma\u015f pergola sistemleri, bah\u00e7e, veranda veya teras gibi a\u00e7\u0131k alanlar\u0131n\u0131z\u0131 hem \u015f\u0131k hem de fonksiyonel hale getirerek, y\u0131l boyunca kullan\u0131ma olanak tan\u0131r. Hafif ve dayan\u0131kl\u0131 kuma\u015f yap\u0131s\u0131, sizi [&hellip;]<\/p>\n","protected":false},"author":1,"featured_media":0,"parent":0,"menu_order":0,"comment_status":"closed","ping_status":"closed","template":"","meta":{"_uag_custom_page_level_css":"","site-sidebar-layout":"no-sidebar","site-content-layout":"page-builder","ast-site-content-layout":"full-width-container","site-content-style":"default","site-sidebar-style":"default","ast-global-header-display":"","ast-banner-title-visibility":"","ast-main-header-display":"","ast-hfb-above-header-display":"","ast-hfb-below-header-display":"","ast-hfb-mobile-header-display":"","site-post-title":"","ast-breadcrumbs-content":"","ast-featured-img":"disabled","footer-sml-layout":"","ast-disable-related-posts":"","theme-transparent-header-meta":"","adv-header-id-meta":"","stick-header-meta":"","header-above-stick-meta":"","header-main-stick-meta":"","header-below-stick-meta":"","astra-migrate-meta-layouts":"set","ast-page-background-enabled":"default","ast-page-background-meta":{"desktop":{"background-color":"var(--ast-global-color-4)","background-image":"","background-repeat":"repeat","background-position":"center center","background-size":"auto","background-attachment":"scroll","background-type":"","background-media":"","overlay-type":"","overlay-color":"","overlay-opacity":"","overlay-gradient":""},"tablet":{"background-color":"","background-image":"","background-repeat":"repeat","background-position":"center center","background-size":"auto","background-attachment":"scroll","background-type":"","background-media":"","overlay-type":"","overlay-color":"","overlay-opacity":"","overlay-gradient":""},"mobile":{"background-color":"","background-image":"","background-repeat":"repeat","background-position":"center center","background-size":"auto","background-attachment":"scroll","background-type":"","background-media":"","overlay-type":"","overlay-color":"","overlay-opacity":"","overlay-gradient":""}},"ast-content-background-meta":{"desktop":{"background-color":"var(--ast-global-color-5)","background-image":"","background-repeat":"repeat","background-position":"center center","background-size":"auto","background-attachment":"scroll","background-type":"","background-media":"","overlay-type":"","overlay-color":"","overlay-opacity":"","overlay-gradient":""},"tablet":{"background-color":"var(--ast-global-color-5)","background-image":"","background-repeat":"repeat","background-position":"center center","background-size":"auto","background-attachment":"scroll","background-type":"","background-media":"","overlay-type":"","overlay-color":"","overlay-opacity":"","overlay-gradient":""},"mobile":{"background-color":"var(--ast-global-color-5)","background-image":"","background-repeat":"repeat","background-position":"center center","background-size":"auto","background-attachment":"scroll","background-type":"","background-media":"","overlay-type":"","overlay-color":"","overlay-opacity":"","overlay-gradient":""}},"footnotes":""},"class_list":["post-3015","page","type-page","status-publish","hentry"],"_hostinger_reach_plugin_has_subscription_block":false,"_hostinger_reach_plugin_is_elementor":false,"uagb_featured_image_src":{"full":false,"thumbnail":false,"medium":false,"medium_large":false,"large":false,"1536x1536":false,"2048x2048":false},"uagb_author_info":{"display_name":"palmfenster.de","author_link":"https:\/\/palmfenster.de\/tr\/author\/palmfenster-de\/"},"uagb_comment_info":0,"uagb_excerpt":"\u00dccretsiz Ke\u015fif ve Teklif \u0130\u00e7in A\u00e7\u0131k Alanlarda Estetik ve Konforun Bulu\u015fmas\u0131 Kuma\u015f Pergola Sistemleri: Estetik ve Fonksiyonel G\u00f6lge A\u00e7\u0131k Alanlar\u0131n\u0131z\u0131 D\u00f6rt Mevsim \u015e\u0131k Bir Ya\u015fam Merkezine \u00c7evirin! Kuma\u015f pergola sistemleri, bah\u00e7e, veranda veya teras gibi a\u00e7\u0131k alanlar\u0131n\u0131z\u0131 hem \u015f\u0131k hem de fonksiyonel hale getirerek, y\u0131l boyunca kullan\u0131ma olanak tan\u0131r. Hafif ve dayan\u0131kl\u0131 kuma\u015f yap\u0131s\u0131, sizi&hellip;","_links":{"self":[{"href":"https:\/\/palmfenster.de\/tr\/wp-json\/wp\/v2\/pages\/3015","targetHints":{"allow":["GET"]}}],"collection":[{"href":"https:\/\/palmfenster.de\/tr\/wp-json\/wp\/v2\/pages"}],"about":[{"href":"https:\/\/palmfenster.de\/tr\/wp-json\/wp\/v2\/types\/page"}],"author":[{"embeddable":true,"href":"https:\/\/palmfenster.de\/tr\/wp-json\/wp\/v2\/users\/1"}],"replies":[{"embeddable":true,"href":"https:\/\/palmfenster.de\/tr\/wp-json\/wp\/v2\/comments?post=3015"}],"version-history":[{"count":1,"href":"https:\/\/palmfenster.de\/tr\/wp-json\/wp\/v2\/pages\/3015\/revisions"}],"predecessor-version":[{"id":3079,"href":"https:\/\/palmfenster.de\/tr\/wp-json\/wp\/v2\/pages\/3015\/revisions\/3079"}],"wp:attachment":[{"href":"https:\/\/palmfenster.de\/tr\/wp-json\/wp\/v2\/media?parent=3015"}],"curies":[{"name":"wp","href":"https:\/\/api.w.org\/{rel}","templated":true}]}}