{"id":2936,"date":"2026-01-21T11:46:43","date_gmt":"2026-01-21T11:46:43","guid":{"rendered":"https:\/\/palmfenster.de\/?page_id=2936"},"modified":"2025-12-29T13:06:02","modified_gmt":"2025-12-29T13:06:02","slug":"cam-balkon-sistemleri","status":"publish","type":"page","link":"https:\/\/palmfenster.de\/tr\/cam-balkon-sistemleri\/","title":{"rendered":"Cam Balkon Sistemleri"},"content":{"rendered":"\t\t<div data-elementor-type=\"wp-page\" data-elementor-id=\"2936\" class=\"elementor elementor-2936 elementor-3286\" data-elementor-post-type=\"page\">\n\t\t\t\t<div class=\"elementor-element elementor-element-d9713c4 e-flex e-con-boxed e-con e-parent\" data-id=\"d9713c4\" data-element_type=\"container\">\n\t\t\t\t\t<div class=\"e-con-inner\">\n\t\t<div class=\"elementor-element elementor-element-3485ff4 e-con-full e-flex e-con e-child\" data-id=\"3485ff4\" data-element_type=\"container\">\n\t\t\t\t<div class=\"elementor-element elementor-element-21f49d6 elementor-widget elementor-widget-image\" data-id=\"21f49d6\" data-element_type=\"widget\" data-widget_type=\"image.default\">\n\t\t\t\t<div class=\"elementor-widget-container\">\n\t\t\t\t\t\t\t\t\t\t\t\t\t\t\t<img fetchpriority=\"high\" decoding=\"async\" width=\"1024\" height=\"1024\" src=\"https:\/\/palmfenster.de\/wp-content\/uploads\/2025\/11\/2-1024x1024.png\" class=\"attachment-large size-large wp-image-2416\" alt=\"2\" srcset=\"https:\/\/palmfenster.de\/wp-content\/uploads\/2025\/11\/2-1024x1024.png 1024w, https:\/\/palmfenster.de\/wp-content\/uploads\/2025\/11\/2-300x300.png 300w, https:\/\/palmfenster.de\/wp-content\/uploads\/2025\/11\/2-150x150.png 150w, https:\/\/palmfenster.de\/wp-content\/uploads\/2025\/11\/2-768x768.png 768w, https:\/\/palmfenster.de\/wp-content\/uploads\/2025\/11\/2.png 1080w\" sizes=\"(max-width: 1024px) 100vw, 1024px\" title=\"Cam Balkon Sistemleri\">\t\t\t\t\t\t\t\t\t\t\t\t\t\t\t<\/div>\n\t\t\t\t<\/div>\n\t\t\t\t<\/div>\n\t\t<div class=\"elementor-element elementor-element-10311f0 e-con-full e-flex e-con e-child\" data-id=\"10311f0\" data-element_type=\"container\">\n\t\t\t\t<div class=\"elementor-element elementor-element-106250e elementor-widget elementor-widget-heading\" data-id=\"106250e\" data-element_type=\"widget\" data-widget_type=\"heading.default\">\n\t\t\t\t<div class=\"elementor-widget-container\">\n\t\t\t\t\t<h2 class=\"elementor-heading-title elementor-size-default\"><b>\u015eeffaf Tasar\u0131m Maksimum Konfor<\/b><\/h2>\t\t\t\t<\/div>\n\t\t\t\t<\/div>\n\t\t\t\t<div class=\"elementor-element elementor-element-82e112b elementor-widget elementor-widget-text-editor\" data-id=\"82e112b\" data-element_type=\"widget\" data-widget_type=\"text-editor.default\">\n\t\t\t\t<div class=\"elementor-widget-container\">\n\t\t\t\t\t\t\t\t\t<p style=\"font-style: inherit; font-weight: inherit;\"><span style=\"font-weight: 400;\">Cam balkon sistemleri, a\u00e7\u0131k alanlar\u0131 kapatarak konforlu ve estetik ya\u015fam alanlar\u0131 yaratmak i\u00e7in ideal \u00e7\u00f6z\u00fcmlerdir. Almanya\u2019da eski binalarda cam balkon kullan\u0131m\u0131 s\u0131n\u0131rl\u0131 olsa da, <\/span><b>yeni yap\u0131lan konut ve projelerde cam balkon uygulamalar\u0131 yasal olarak izinlidir<\/b><span style=\"font-weight: 400;\">. Bu sayede modern tasar\u0131m ve ferah ya\u015fam alanlar\u0131 olu\u015fturmak m\u00fcmk\u00fcnd\u00fcr.<\/span><\/p><p style=\"font-style: inherit; font-weight: inherit;\"><span style=\"font-weight: 400;\">Al\u00fcminyum profiller ve temperli cam kullan\u0131m\u0131 ile \u00fcretilen cam balkon sistemlerimiz, dayan\u0131kl\u0131l\u0131\u011f\u0131 ve uzun \u00f6m\u00fcrl\u00fcl\u00fc\u011f\u00fc garanti eder. Y\u00fcksek \u0131s\u0131 yal\u0131t\u0131m\u0131 sayesinde k\u0131\u015f\u0131n i\u00e7 mek\u00e2n s\u0131cakl\u0131\u011f\u0131n\u0131 korurken, yaz\u0131n serinli\u011fi sa\u011flar. Ayr\u0131ca \u00f6zel tasar\u0131m\u0131yla r\u00fczg\u00e2r ve ya\u011fmur gibi d\u0131\u015f etkenlere kar\u015f\u0131 etkin koruma sunar.<\/span><\/p>\t\t\t\t\t\t\t\t<\/div>\n\t\t\t\t<\/div>\n\t\t\t\t<\/div>\n\t\t\t\t\t<\/div>\n\t\t\t\t<\/div>\n\t\t<div class=\"elementor-element elementor-element-84299d1 e-flex e-con-boxed e-con e-parent\" data-id=\"84299d1\" data-element_type=\"container\">\n\t\t\t\t\t<div class=\"e-con-inner\">\n\t\t\t\t<div class=\"elementor-element elementor-element-5d81d6a elementor-align-center elementor-widget elementor-widget-button\" data-id=\"5d81d6a\" data-element_type=\"widget\" data-widget_type=\"button.default\">\n\t\t\t\t<div class=\"elementor-widget-container\">\n\t\t\t\t\t\t\t\t\t<div class=\"elementor-button-wrapper\">\n\t\t\t\t\t<a class=\"elementor-button elementor-button-link elementor-size-sm\" href=\"https:\/\/wa.me\/+4915733930745\">\n\t\t\t\t\t\t<span class=\"elementor-button-content-wrapper\">\n\t\t\t\t\t\t<span class=\"elementor-button-icon\">\n\t\t\t\t<i aria-hidden=\"true\" class=\"fab fa-whatsapp\"><\/i>\t\t\t<\/span>\n\t\t\t\t\t\t\t\t\t<span class=\"elementor-button-text\">\u00dccretsiz Ke\u015fif ve Teklif \u0130\u00e7in<\/span>\n\t\t\t\t\t<\/span>\n\t\t\t\t\t<\/a>\n\t\t\t\t<\/div>\n\t\t\t\t\t\t\t\t<\/div>\n\t\t\t\t<\/div>\n\t\t\t\t<div class=\"elementor-element elementor-element-6b10194 elementor-headline--style-highlight elementor-widget elementor-widget-animated-headline\" data-id=\"6b10194\" data-element_type=\"widget\" data-settings=\"{&quot;highlighted_text&quot;:&quot; Ferah \\u00c7\\u00f6z\\u00fcmler&quot;,&quot;headline_style&quot;:&quot;highlight&quot;,&quot;marker&quot;:&quot;circle&quot;,&quot;loop&quot;:&quot;yes&quot;,&quot;highlight_animation_duration&quot;:1200,&quot;highlight_iteration_delay&quot;:8000}\" data-widget_type=\"animated-headline.default\">\n\t\t\t\t<div class=\"elementor-widget-container\">\n\t\t\t\t\t\t\t<h4 class=\"elementor-headline\">\n\t\t\t\t\t<span class=\"elementor-headline-plain-text elementor-headline-text-wrapper\">Yeni Yap\u0131larda Modern ve<\/span>\n\t\t\t\t<span class=\"elementor-headline-dynamic-wrapper elementor-headline-text-wrapper\">\n\t\t\t\t\t<span class=\"elementor-headline-dynamic-text elementor-headline-text-active\"> Ferah \u00c7\u00f6z\u00fcmler<\/span>\n\t\t\t\t<\/span>\n\t\t\t\t<\/h4>\n\t\t\t\t\t\t<\/div>\n\t\t\t\t<\/div>\n\t\t\t\t\t<\/div>\n\t\t\t\t<\/div>\n\t\t<div class=\"elementor-element elementor-element-4189bdb e-flex e-con-boxed e-con e-parent\" data-id=\"4189bdb\" data-element_type=\"container\">\n\t\t\t\t\t<div class=\"e-con-inner\">\n\t\t\t\t<div class=\"elementor-element elementor-element-ffbf538 elementor-widget elementor-widget-text-editor\" data-id=\"ffbf538\" data-element_type=\"widget\" data-widget_type=\"text-editor.default\">\n\t\t\t\t<div class=\"elementor-widget-container\">\n\t\t\t\t\t\t\t\t\t<h3>Cam balkon sistemlerimiz:<br \/>-Yeni yap\u0131 projelerinde yasal olarak uygulanabilir.<br \/>-Mek\u00e2nlara ferahl\u0131k ve estetik kazand\u0131r\u0131r.<br \/>&#8211;<b><u>Y\u00fcksek \u0131s\u0131 yal\u0131t\u0131m\u0131<\/u><\/b> ile enerji tasarrufu sa\u011flar.<br \/>-Dayan\u0131kl\u0131 ve g\u00fcvenli al\u00fcminyum profillerle uzun \u00f6m\u00fcrl\u00fc kullan\u0131m sunar.<br \/>&#8211;<b><u>Kolay temizlenebilir<\/u><\/b> ve d\u00fc\u015f\u00fck bak\u0131m gerektirir.<\/h3><p>Yeni eviniz veya projeniz i\u00e7in modern, g\u00fcvenli ve ferah bir \u00e7\u00f6z\u00fcm ar\u0131yorsan\u0131z, cam balkon sistemlerimiz ideal tercihtir.<\/p>\t\t\t\t\t\t\t\t<\/div>\n\t\t\t\t<\/div>\n\t\t\t\t\t<\/div>\n\t\t\t\t<\/div>\n\t\t\t\t<\/div>\n\t\t","protected":false},"excerpt":{"rendered":"<p>\u015eeffaf Tasar\u0131m Maksimum Konfor Cam balkon sistemleri, a\u00e7\u0131k alanlar\u0131 kapatarak konforlu ve estetik ya\u015fam alanlar\u0131 yaratmak i\u00e7in ideal \u00e7\u00f6z\u00fcmlerdir. Almanya\u2019da eski binalarda cam balkon kullan\u0131m\u0131 s\u0131n\u0131rl\u0131 olsa da, yeni yap\u0131lan konut ve projelerde cam balkon uygulamalar\u0131 yasal olarak izinlidir. Bu sayede modern tasar\u0131m ve ferah ya\u015fam alanlar\u0131 olu\u015fturmak m\u00fcmk\u00fcnd\u00fcr. Al\u00fcminyum profiller ve temperli cam kullan\u0131m\u0131 [&hellip;]<\/p>\n","protected":false},"author":1,"featured_media":0,"parent":0,"menu_order":0,"comment_status":"closed","ping_status":"closed","template":"","meta":{"_uag_custom_page_level_css":"","site-sidebar-layout":"no-sidebar","site-content-layout":"page-builder","ast-site-content-layout":"full-width-container","site-content-style":"default","site-sidebar-style":"default","ast-global-header-display":"","ast-banner-title-visibility":"","ast-main-header-display":"","ast-hfb-above-header-display":"","ast-hfb-below-header-display":"","ast-hfb-mobile-header-display":"","site-post-title":"","ast-breadcrumbs-content":"","ast-featured-img":"disabled","footer-sml-layout":"","ast-disable-related-posts":"","theme-transparent-header-meta":"","adv-header-id-meta":"","stick-header-meta":"","header-above-stick-meta":"","header-main-stick-meta":"","header-below-stick-meta":"","astra-migrate-meta-layouts":"set","ast-page-background-enabled":"default","ast-page-background-meta":{"desktop":{"background-color":"var(--ast-global-color-4)","background-image":"","background-repeat":"repeat","background-position":"center center","background-size":"auto","background-attachment":"scroll","background-type":"","background-media":"","overlay-type":"","overlay-color":"","overlay-opacity":"","overlay-gradient":""},"tablet":{"background-color":"","background-image":"","background-repeat":"repeat","background-position":"center center","background-size":"auto","background-attachment":"scroll","background-type":"","background-media":"","overlay-type":"","overlay-color":"","overlay-opacity":"","overlay-gradient":""},"mobile":{"background-color":"","background-image":"","background-repeat":"repeat","background-position":"center center","background-size":"auto","background-attachment":"scroll","background-type":"","background-media":"","overlay-type":"","overlay-color":"","overlay-opacity":"","overlay-gradient":""}},"ast-content-background-meta":{"desktop":{"background-color":"var(--ast-global-color-5)","background-image":"","background-repeat":"repeat","background-position":"center center","background-size":"auto","background-attachment":"scroll","background-type":"","background-media":"","overlay-type":"","overlay-color":"","overlay-opacity":"","overlay-gradient":""},"tablet":{"background-color":"var(--ast-global-color-5)","background-image":"","background-repeat":"repeat","background-position":"center center","background-size":"auto","background-attachment":"scroll","background-type":"","background-media":"","overlay-type":"","overlay-color":"","overlay-opacity":"","overlay-gradient":""},"mobile":{"background-color":"var(--ast-global-color-5)","background-image":"","background-repeat":"repeat","background-position":"center center","background-size":"auto","background-attachment":"scroll","background-type":"","background-media":"","overlay-type":"","overlay-color":"","overlay-opacity":"","overlay-gradient":""}},"footnotes":""},"class_list":["post-2936","page","type-page","status-publish","hentry"],"_hostinger_reach_plugin_has_subscription_block":false,"_hostinger_reach_plugin_is_elementor":false,"uagb_featured_image_src":{"full":false,"thumbnail":false,"medium":false,"medium_large":false,"large":false,"1536x1536":false,"2048x2048":false},"uagb_author_info":{"display_name":"palmfenster.de","author_link":"https:\/\/palmfenster.de\/tr\/author\/palmfenster-de\/"},"uagb_comment_info":0,"uagb_excerpt":"\u015eeffaf Tasar\u0131m Maksimum Konfor Cam balkon sistemleri, a\u00e7\u0131k alanlar\u0131 kapatarak konforlu ve estetik ya\u015fam alanlar\u0131 yaratmak i\u00e7in ideal \u00e7\u00f6z\u00fcmlerdir. Almanya\u2019da eski binalarda cam balkon kullan\u0131m\u0131 s\u0131n\u0131rl\u0131 olsa da, yeni yap\u0131lan konut ve projelerde cam balkon uygulamalar\u0131 yasal olarak izinlidir. Bu sayede modern tasar\u0131m ve ferah ya\u015fam alanlar\u0131 olu\u015fturmak m\u00fcmk\u00fcnd\u00fcr. Al\u00fcminyum profiller ve temperli cam kullan\u0131m\u0131&hellip;","_links":{"self":[{"href":"https:\/\/palmfenster.de\/tr\/wp-json\/wp\/v2\/pages\/2936","targetHints":{"allow":["GET"]}}],"collection":[{"href":"https:\/\/palmfenster.de\/tr\/wp-json\/wp\/v2\/pages"}],"about":[{"href":"https:\/\/palmfenster.de\/tr\/wp-json\/wp\/v2\/types\/page"}],"author":[{"embeddable":true,"href":"https:\/\/palmfenster.de\/tr\/wp-json\/wp\/v2\/users\/1"}],"replies":[{"embeddable":true,"href":"https:\/\/palmfenster.de\/tr\/wp-json\/wp\/v2\/comments?post=2936"}],"version-history":[{"count":1,"href":"https:\/\/palmfenster.de\/tr\/wp-json\/wp\/v2\/pages\/2936\/revisions"}],"predecessor-version":[{"id":3075,"href":"https:\/\/palmfenster.de\/tr\/wp-json\/wp\/v2\/pages\/2936\/revisions\/3075"}],"wp:attachment":[{"href":"https:\/\/palmfenster.de\/tr\/wp-json\/wp\/v2\/media?parent=2936"}],"curies":[{"name":"wp","href":"https:\/\/api.w.org\/{rel}","templated":true}]}}