{"id":2933,"date":"2026-01-15T22:44:05","date_gmt":"2026-01-15T22:44:05","guid":{"rendered":"https:\/\/palmfenster.de\/?page_id=2933"},"modified":"2025-12-29T12:59:32","modified_gmt":"2025-12-29T12:59:32","slug":"bahce-cit-sistemleri","status":"publish","type":"page","link":"https:\/\/palmfenster.de\/tr\/bahce-cit-sistemleri\/","title":{"rendered":"Bah\u00e7e \u00c7it Sistemleri"},"content":{"rendered":"\t\t<div data-elementor-type=\"wp-page\" data-elementor-id=\"2933\" class=\"elementor elementor-2933 elementor-3261\" data-elementor-post-type=\"page\">\n\t\t\t\t<div class=\"elementor-element elementor-element-d9713c4 e-flex e-con-boxed e-con e-parent\" data-id=\"d9713c4\" data-element_type=\"container\">\n\t\t\t\t\t<div class=\"e-con-inner\">\n\t\t<div class=\"elementor-element elementor-element-3485ff4 e-con-full e-flex e-con e-child\" data-id=\"3485ff4\" data-element_type=\"container\">\n\t\t\t\t<div class=\"elementor-element elementor-element-21f49d6 elementor-widget elementor-widget-image\" data-id=\"21f49d6\" data-element_type=\"widget\" data-widget_type=\"image.default\">\n\t\t\t\t<div class=\"elementor-widget-container\">\n\t\t\t\t\t\t\t\t\t\t\t\t\t\t\t<img decoding=\"async\" src=\"https:\/\/palmfenster.de\/wp-content\/plugins\/elementor\/assets\/images\/placeholder.png\" title=\"Bah\u00e7e \u00c7it Sistemleri\" alt=\"Placeholder\" loading=\"lazy\">\t\t\t\t\t\t\t\t\t\t\t\t\t\t\t<\/div>\n\t\t\t\t<\/div>\n\t\t\t\t<div class=\"elementor-element elementor-element-e6fe980 elementor-button-success elementor-align-center elementor-widget elementor-widget-button\" data-id=\"e6fe980\" data-element_type=\"widget\" data-widget_type=\"button.default\">\n\t\t\t\t<div class=\"elementor-widget-container\">\n\t\t\t\t\t\t\t\t\t<div class=\"elementor-button-wrapper\">\n\t\t\t\t\t<a class=\"elementor-button elementor-button-link elementor-size-sm\" href=\"#\">\n\t\t\t\t\t\t<span class=\"elementor-button-content-wrapper\">\n\t\t\t\t\t\t\t\t\t<span class=\"elementor-button-text\">S\u00fcrme Sistemler<\/span>\n\t\t\t\t\t<\/span>\n\t\t\t\t\t<\/a>\n\t\t\t\t<\/div>\n\t\t\t\t\t\t\t\t<\/div>\n\t\t\t\t<\/div>\n\t\t\t\t<\/div>\n\t\t<div class=\"elementor-element elementor-element-10311f0 e-con-full e-flex e-con e-child\" data-id=\"10311f0\" data-element_type=\"container\">\n\t\t\t\t<div class=\"elementor-element elementor-element-9517a55 elementor-widget elementor-widget-image\" data-id=\"9517a55\" data-element_type=\"widget\" data-widget_type=\"image.default\">\n\t\t\t\t<div class=\"elementor-widget-container\">\n\t\t\t\t\t\t\t\t\t\t\t\t\t\t\t<img decoding=\"async\" src=\"https:\/\/palmfenster.de\/wp-content\/plugins\/elementor\/assets\/images\/placeholder.png\" title=\"Bah\u00e7e \u00c7it Sistemleri\" alt=\"Placeholder\" loading=\"lazy\">\t\t\t\t\t\t\t\t\t\t\t\t\t\t\t<\/div>\n\t\t\t\t<\/div>\n\t\t\t\t<div class=\"elementor-element elementor-element-a3ef260 elementor-button-success elementor-align-center elementor-widget elementor-widget-button\" data-id=\"a3ef260\" data-element_type=\"widget\" data-widget_type=\"button.default\">\n\t\t\t\t<div class=\"elementor-widget-container\">\n\t\t\t\t\t\t\t\t\t<div class=\"elementor-button-wrapper\">\n\t\t\t\t\t<a class=\"elementor-button elementor-button-link elementor-size-sm\" href=\"#\">\n\t\t\t\t\t\t<span class=\"elementor-button-content-wrapper\">\n\t\t\t\t\t\t\t\t\t<span class=\"elementor-button-text\">S\u00fcrme Sistemler<\/span>\n\t\t\t\t\t<\/span>\n\t\t\t\t\t<\/a>\n\t\t\t\t<\/div>\n\t\t\t\t\t\t\t\t<\/div>\n\t\t\t\t<\/div>\n\t\t\t\t<\/div>\n\t\t\t\t\t<\/div>\n\t\t\t\t<\/div>\n\t\t<div class=\"elementor-element elementor-element-84299d1 e-flex e-con-boxed e-con e-parent\" data-id=\"84299d1\" data-element_type=\"container\">\n\t\t\t\t\t<div class=\"e-con-inner\">\n\t\t\t\t<div class=\"elementor-element elementor-element-6b10194 elementor-headline--style-highlight elementor-widget elementor-widget-animated-headline\" data-id=\"6b10194\" data-element_type=\"widget\" data-settings=\"{&quot;highlighted_text&quot;:&quot;Esneklik&quot;,&quot;headline_style&quot;:&quot;highlight&quot;,&quot;marker&quot;:&quot;circle&quot;,&quot;loop&quot;:&quot;yes&quot;,&quot;highlight_animation_duration&quot;:1200,&quot;highlight_iteration_delay&quot;:8000}\" data-widget_type=\"animated-headline.default\">\n\t\t\t\t<div class=\"elementor-widget-container\">\n\t\t\t\t\t\t\t<h3 class=\"elementor-headline\">\n\t\t\t\t\t<span class=\"elementor-headline-plain-text elementor-headline-text-wrapper\">A\u00e7\u0131k Alanlarda Maksimum Konfor ve <\/span>\n\t\t\t\t<span class=\"elementor-headline-dynamic-wrapper elementor-headline-text-wrapper\">\n\t\t\t\t\t<span class=\"elementor-headline-dynamic-text elementor-headline-text-active\">Esneklik<\/span>\n\t\t\t\t<\/span>\n\t\t\t\t<\/h3>\n\t\t\t\t\t\t<\/div>\n\t\t\t\t<\/div>\n\t\t\t\t\t<\/div>\n\t\t\t\t<\/div>\n\t\t<div class=\"elementor-element elementor-element-9abd5ad e-flex e-con-boxed e-con e-parent\" data-id=\"9abd5ad\" data-element_type=\"container\">\n\t\t\t\t\t<div class=\"e-con-inner\">\n\t\t\t\t<div class=\"elementor-element elementor-element-0a205b7 elementor-widget elementor-widget-heading\" data-id=\"0a205b7\" data-element_type=\"widget\" data-widget_type=\"heading.default\">\n\t\t\t\t<div class=\"elementor-widget-container\">\n\t\t\t\t\t<h2 class=\"elementor-heading-title elementor-size-default\"><span id=\"docs-internal-guid-2b04bf7a-7fff-bff8-d5e6-26ef82ca4434\"><p dir=\"ltr\" style=\"line-height:1.08;text-align: center;margin-top:10pt;margin-bottom:0pt\"><span style=\"font-size:12pt;font-family:Arial,sans-serif;color:#000000;background-color:transparent;font-weight:400;font-style:normal;font-variant:normal;text-decoration:none;vertical-align:baseline;white-space:pre;white-space:pre-wrap\">Rolling Roof Pergola sistemleri, a\u00e7\u0131k alanlar\u0131n\u0131z\u0131 d\u00f6rt mevsim boyunca kullanman\u0131za olanak sa\u011flayan modern ve \u015f\u0131k \u00e7\u00f6z\u00fcmlerdir. Motorlu a\u00e7\u0131l\u0131r tavan sistemi sayesinde g\u00fcne\u015ften, ya\u011fmurdan ve r\u00fczg\u00e2rdan korunur, tek tu\u015fla kontrol edilebilen pratik yap\u0131s\u0131yla konforu art\u0131r\u0131r.<\/span><\/p><p dir=\"ltr\" style=\"line-height:1.08;text-align: center;margin-top:10pt;margin-bottom:0pt\"><span style=\"font-size:12pt;font-family:Arial,sans-serif;color:#000000;background-color:transparent;font-weight:700;font-style:normal;font-variant:normal;text-decoration:none;vertical-align:baseline;white-space:pre;white-space:pre-wrap\">Sizin \u0130\u00e7in Avantajlar\u0131<\/span><\/p><p dir=\"ltr\" style=\"line-height:1.08;text-align: center;margin-top:10pt;margin-bottom:0pt\"><span style=\"font-size:12pt;font-family:Arial,sans-serif;color:#000000;background-color:transparent;font-weight:700;font-style:normal;font-variant:normal;text-decoration:none;vertical-align:baseline;white-space:pre;white-space:pre-wrap\">Motorlu Kontrol:<\/span><span style=\"font-size:12pt;font-family:Arial,sans-serif;color:#000000;background-color:transparent;font-weight:400;font-style:normal;font-variant:normal;text-decoration:none;vertical-align:baseline;white-space:pre;white-space:pre-wrap\"> Tek bir kumanda ile tavan\u0131 diledi\u011finiz gibi a\u00e7\u0131p kapatabilirsiniz.<\/span><\/p><p dir=\"ltr\" style=\"line-height:1.08;text-align: center;margin-top:10pt;margin-bottom:0pt\"><span style=\"font-size:12pt;font-family:Arial,sans-serif;color:#000000;background-color:transparent;font-weight:700;font-style:normal;font-variant:normal;text-decoration:none;vertical-align:baseline;white-space:pre;white-space:pre-wrap\">Hava Ko\u015fullar\u0131na Uyum:<\/span><span style=\"font-size:12pt;font-family:Arial,sans-serif;color:#000000;background-color:transparent;font-weight:400;font-style:normal;font-variant:normal;text-decoration:none;vertical-align:baseline;white-space:pre;white-space:pre-wrap\"> G\u00fcne\u015fli, ya\u011fmurlu veya r\u00fczg\u00e2rl\u0131 g\u00fcnlerde g\u00fcvenle kullan\u0131m imk\u00e2n\u0131.<\/span><\/p><p dir=\"ltr\" style=\"line-height:1.08;text-align: center;margin-top:10pt;margin-bottom:0pt\"><span style=\"font-size:12pt;font-family:Arial,sans-serif;color:#000000;background-color:transparent;font-weight:700;font-style:normal;font-variant:normal;text-decoration:none;vertical-align:baseline;white-space:pre;white-space:pre-wrap\">Estetik ve Modern Tasar\u0131m:<\/span><span style=\"font-size:12pt;font-family:Arial,sans-serif;color:#000000;background-color:transparent;font-weight:400;font-style:normal;font-variant:normal;text-decoration:none;vertical-align:baseline;white-space:pre;white-space:pre-wrap\"> Mek\u00e2nlar\u0131n\u0131za de\u011fer katan zarif ve \u015f\u0131k yap\u0131.<\/span><\/p><p dir=\"ltr\" style=\"line-height:1.08;text-align: center;margin-top:10pt;margin-bottom:0pt\"><span style=\"font-size:12pt;font-family:Arial,sans-serif;color:#000000;background-color:transparent;font-weight:700;font-style:normal;font-variant:normal;text-decoration:none;vertical-align:baseline;white-space:pre;white-space:pre-wrap\">Dayan\u0131kl\u0131 Malzeme:<\/span><span style=\"font-size:12pt;font-family:Arial,sans-serif;color:#000000;background-color:transparent;font-weight:400;font-style:normal;font-variant:normal;text-decoration:none;vertical-align:baseline;white-space:pre;white-space:pre-wrap\"> Y\u00fcksek kaliteli al\u00fcminyum profiller ve su ge\u00e7irmez kuma\u015f ile uzun \u00f6m\u00fcrl\u00fc kullan\u0131m.<\/span><\/p><p dir=\"ltr\" style=\"line-height:1.08;text-align: center;margin-top:10pt;margin-bottom:0pt\"><span style=\"font-size:12pt;font-family:Arial,sans-serif;color:#000000;background-color:transparent;font-weight:700;font-style:normal;font-variant:normal;text-decoration:none;vertical-align:baseline;white-space:pre;white-space:pre-wrap\">Kolay Bak\u0131m:<\/span><span style=\"font-size:12pt;font-family:Arial,sans-serif;color:#000000;background-color:transparent;font-weight:400;font-style:normal;font-variant:normal;text-decoration:none;vertical-align:baseline;white-space:pre;white-space:pre-wrap\"> A\u00e7\u0131l\u0131r tavan ve kuma\u015f yap\u0131s\u0131 sayesinde pratik temizlik imk\u00e2n\u0131.<\/span><\/p><p dir=\"ltr\" style=\"line-height:1.08;text-align: center;margin-top:10pt;margin-bottom:0pt\"><span style=\"font-size:12pt;font-family:Arial,sans-serif;color:#000000;background-color:transparent;font-weight:700;font-style:normal;font-variant:normal;text-decoration:none;vertical-align:baseline;white-space:pre;white-space:pre-wrap\">Ki\u015fiye \u00d6zel \u00c7\u00f6z\u00fcmler:<\/span><span style=\"font-size:12pt;font-family:Arial,sans-serif;color:#000000;background-color:transparent;font-weight:400;font-style:normal;font-variant:normal;text-decoration:none;vertical-align:baseline;white-space:pre;white-space:pre-wrap\"> Farkl\u0131 \u00f6l\u00e7\u00fc ve renk se\u00e7enekleri ile alan\u0131n\u0131za uyumlu tasar\u0131m.<\/span><\/p><p dir=\"ltr\" style=\"line-height:1.08;text-align: center;margin-top:10pt;margin-bottom:0pt\"><span style=\"font-size:12pt;font-family:Arial,sans-serif;color:#000000;background-color:transparent;font-weight:700;font-style:normal;font-variant:normal;text-decoration:none;vertical-align:baseline;white-space:pre;white-space:pre-wrap\">Kullan\u0131m Alanlar\u0131<\/span><\/p><p dir=\"ltr\" style=\"line-height:1.08;text-align: center;margin-top:10pt;margin-bottom:0pt\"><span style=\"font-size:12pt;font-family:Arial,sans-serif;color:#000000;background-color:transparent;font-weight:400;font-style:normal;font-variant:normal;text-decoration:none;vertical-align:baseline;white-space:pre;white-space:pre-wrap\">Ev veranda ve bah\u00e7eleri<\/span><\/p><p dir=\"ltr\" style=\"line-height:1.08;text-align: center;margin-top:10pt;margin-bottom:0pt\"><span style=\"font-size:12pt;font-family:Arial,sans-serif;color:#000000;background-color:transparent;font-weight:400;font-style:normal;font-variant:normal;text-decoration:none;vertical-align:baseline;white-space:pre;white-space:pre-wrap\">Restoran ve kafe a\u00e7\u0131k alanlar\u0131<\/span><\/p><p dir=\"ltr\" style=\"line-height:1.08;text-align: center;margin-top:10pt;margin-bottom:0pt\"><span style=\"font-size:12pt;font-family:Arial,sans-serif;color:#000000;background-color:transparent;font-weight:400;font-style:normal;font-variant:normal;text-decoration:none;vertical-align:baseline;white-space:pre;white-space:pre-wrap\">Otel ve sosyal tesisler<\/span><\/p><p dir=\"ltr\" style=\"line-height:1.08;text-align: center;margin-top:10pt;margin-bottom:0pt\"><span style=\"font-size:12pt;font-family:Arial,sans-serif;color:#000000;background-color:transparent;font-weight:400;font-style:normal;font-variant:normal;text-decoration:none;vertical-align:baseline;white-space:pre;white-space:pre-wrap\">Balkon ve teraslar<\/span><\/p><p dir=\"ltr\" style=\"line-height:1.08;text-align: center;margin-top:10pt;margin-bottom:0pt\"><span id=\"docs-internal-guid-ea215ee6-7fff-f180-9b6f-4f71702e67da\"><\/span><\/p><p dir=\"ltr\" style=\"line-height:1.08;text-align: center;margin-top:10pt;margin-bottom:0pt\"><span style=\"font-size:12pt;font-family:Arial,sans-serif;color:#000000;background-color:transparent;font-weight:400;font-style:normal;font-variant:normal;text-decoration:none;vertical-align:baseline;white-space:pre;white-space:pre-wrap\">Rolling Roof Pergola sistemleri, a\u00e7\u0131k alanlar\u0131n\u0131z\u0131 diledi\u011finiz gibi y\u00f6netmenizi sa\u011flar, ya\u015fam alanlar\u0131n\u0131za hem konfor hem de estetik de\u011fer katar. Tek tu\u015fla kontrol edilen modern yap\u0131s\u0131 ile her mevsim kullan\u0131ma uygundur.<\/span><\/p><\/span><\/h2>\t\t\t\t<\/div>\n\t\t\t\t<\/div>\n\t\t\t\t\t<\/div>\n\t\t\t\t<\/div>\n\t\t\t\t<\/div>\n\t\t","protected":false},"excerpt":{"rendered":"<p>S\u00fcrme Sistemler S\u00fcrme Sistemler A\u00e7\u0131k Alanlarda Maksimum Konfor ve Esneklik Rolling Roof Pergola sistemleri, a\u00e7\u0131k alanlar\u0131n\u0131z\u0131 d\u00f6rt mevsim boyunca kullanman\u0131za olanak sa\u011flayan modern ve \u015f\u0131k \u00e7\u00f6z\u00fcmlerdir. Motorlu a\u00e7\u0131l\u0131r tavan sistemi sayesinde g\u00fcne\u015ften, ya\u011fmurdan ve r\u00fczg\u00e2rdan korunur, tek tu\u015fla kontrol edilebilen pratik yap\u0131s\u0131yla konforu art\u0131r\u0131r. Sizin \u0130\u00e7in Avantajlar\u0131 Motorlu Kontrol: Tek bir kumanda ile tavan\u0131 diledi\u011finiz [&hellip;]<\/p>\n","protected":false},"author":1,"featured_media":0,"parent":0,"menu_order":0,"comment_status":"closed","ping_status":"closed","template":"","meta":{"_uag_custom_page_level_css":"","site-sidebar-layout":"no-sidebar","site-content-layout":"page-builder","ast-site-content-layout":"full-width-container","site-content-style":"default","site-sidebar-style":"default","ast-global-header-display":"","ast-banner-title-visibility":"","ast-main-header-display":"","ast-hfb-above-header-display":"","ast-hfb-below-header-display":"","ast-hfb-mobile-header-display":"","site-post-title":"","ast-breadcrumbs-content":"","ast-featured-img":"disabled","footer-sml-layout":"","ast-disable-related-posts":"","theme-transparent-header-meta":"","adv-header-id-meta":"","stick-header-meta":"","header-above-stick-meta":"","header-main-stick-meta":"","header-below-stick-meta":"","astra-migrate-meta-layouts":"set","ast-page-background-enabled":"default","ast-page-background-meta":{"desktop":{"background-color":"var(--ast-global-color-4)","background-image":"","background-repeat":"repeat","background-position":"center center","background-size":"auto","background-attachment":"scroll","background-type":"","background-media":"","overlay-type":"","overlay-color":"","overlay-opacity":"","overlay-gradient":""},"tablet":{"background-color":"","background-image":"","background-repeat":"repeat","background-position":"center center","background-size":"auto","background-attachment":"scroll","background-type":"","background-media":"","overlay-type":"","overlay-color":"","overlay-opacity":"","overlay-gradient":""},"mobile":{"background-color":"","background-image":"","background-repeat":"repeat","background-position":"center center","background-size":"auto","background-attachment":"scroll","background-type":"","background-media":"","overlay-type":"","overlay-color":"","overlay-opacity":"","overlay-gradient":""}},"ast-content-background-meta":{"desktop":{"background-color":"var(--ast-global-color-5)","background-image":"","background-repeat":"repeat","background-position":"center center","background-size":"auto","background-attachment":"scroll","background-type":"","background-media":"","overlay-type":"","overlay-color":"","overlay-opacity":"","overlay-gradient":""},"tablet":{"background-color":"var(--ast-global-color-5)","background-image":"","background-repeat":"repeat","background-position":"center center","background-size":"auto","background-attachment":"scroll","background-type":"","background-media":"","overlay-type":"","overlay-color":"","overlay-opacity":"","overlay-gradient":""},"mobile":{"background-color":"var(--ast-global-color-5)","background-image":"","background-repeat":"repeat","background-position":"center center","background-size":"auto","background-attachment":"scroll","background-type":"","background-media":"","overlay-type":"","overlay-color":"","overlay-opacity":"","overlay-gradient":""}},"footnotes":""},"class_list":["post-2933","page","type-page","status-publish","hentry"],"_hostinger_reach_plugin_has_subscription_block":false,"_hostinger_reach_plugin_is_elementor":false,"uagb_featured_image_src":{"full":false,"thumbnail":false,"medium":false,"medium_large":false,"large":false,"1536x1536":false,"2048x2048":false},"uagb_author_info":{"display_name":"palmfenster.de","author_link":"https:\/\/palmfenster.de\/tr\/author\/palmfenster-de\/"},"uagb_comment_info":0,"uagb_excerpt":"S\u00fcrme Sistemler S\u00fcrme Sistemler A\u00e7\u0131k Alanlarda Maksimum Konfor ve Esneklik Rolling Roof Pergola sistemleri, a\u00e7\u0131k alanlar\u0131n\u0131z\u0131 d\u00f6rt mevsim boyunca kullanman\u0131za olanak sa\u011flayan modern ve \u015f\u0131k \u00e7\u00f6z\u00fcmlerdir. Motorlu a\u00e7\u0131l\u0131r tavan sistemi sayesinde g\u00fcne\u015ften, ya\u011fmurdan ve r\u00fczg\u00e2rdan korunur, tek tu\u015fla kontrol edilebilen pratik yap\u0131s\u0131yla konforu art\u0131r\u0131r. Sizin \u0130\u00e7in Avantajlar\u0131 Motorlu Kontrol: Tek bir kumanda ile tavan\u0131 diledi\u011finiz&hellip;","_links":{"self":[{"href":"https:\/\/palmfenster.de\/tr\/wp-json\/wp\/v2\/pages\/2933","targetHints":{"allow":["GET"]}}],"collection":[{"href":"https:\/\/palmfenster.de\/tr\/wp-json\/wp\/v2\/pages"}],"about":[{"href":"https:\/\/palmfenster.de\/tr\/wp-json\/wp\/v2\/types\/page"}],"author":[{"embeddable":true,"href":"https:\/\/palmfenster.de\/tr\/wp-json\/wp\/v2\/users\/1"}],"replies":[{"embeddable":true,"href":"https:\/\/palmfenster.de\/tr\/wp-json\/wp\/v2\/comments?post=2933"}],"version-history":[{"count":1,"href":"https:\/\/palmfenster.de\/tr\/wp-json\/wp\/v2\/pages\/2933\/revisions"}],"predecessor-version":[{"id":3072,"href":"https:\/\/palmfenster.de\/tr\/wp-json\/wp\/v2\/pages\/2933\/revisions\/3072"}],"wp:attachment":[{"href":"https:\/\/palmfenster.de\/tr\/wp-json\/wp\/v2\/media?parent=2933"}],"curies":[{"name":"wp","href":"https:\/\/api.w.org\/{rel}","templated":true}]}}