{"id":2930,"date":"2025-12-19T14:06:28","date_gmt":"2025-12-19T14:06:28","guid":{"rendered":"https:\/\/palmfenster.de\/?page_id=2930"},"modified":"2026-01-05T07:16:23","modified_gmt":"2026-01-05T07:16:23","slug":"alueminyum-blog","status":"publish","type":"page","link":"https:\/\/palmfenster.de\/tr\/alueminyum-blog\/","title":{"rendered":"Al\u00fcminyum Blog"},"content":{"rendered":"\t\t<div data-elementor-type=\"wp-page\" data-elementor-id=\"2930\" class=\"elementor elementor-2930\" data-elementor-post-type=\"page\">\n\t\t\t\t<div class=\"elementor-element elementor-element-84299d1 e-flex e-con-boxed e-con e-parent\" data-id=\"84299d1\" data-element_type=\"container\">\n\t\t\t\t\t<div class=\"e-con-inner\">\n\t\t\t\t<div class=\"elementor-element elementor-element-6b10194 elementor-headline--style-rotate elementor-widget elementor-widget-animated-headline\" data-id=\"6b10194\" data-element_type=\"widget\" data-settings=\"{&quot;headline_style&quot;:&quot;rotate&quot;,&quot;animation_type&quot;:&quot;typing&quot;,&quot;loop&quot;:&quot;yes&quot;,&quot;rotate_iteration_delay&quot;:2500}\" data-widget_type=\"animated-headline.default\">\n\t\t\t\t<div class=\"elementor-widget-container\">\n\t\t\t\t\t\t\t<h3 class=\"elementor-headline elementor-headline-animation-type-typing elementor-headline-letters\">\n\t\t\t\t\t<span class=\"elementor-headline-plain-text elementor-headline-text-wrapper\">\ud83d\ude80 Palmfenster: Pencerede Standartlar\u0131n \u00d6tesi Bir M\u00fchendislik Dokunu\u015fu<\/span>\n\t\t\t\t<span class=\"elementor-headline-dynamic-wrapper elementor-headline-text-wrapper\">\n\t\t\t\t<\/span>\n\t\t\t\t<\/h3>\n\t\t\t\t\t\t<\/div>\n\t\t\t\t<\/div>\n\t\t\t\t\t<\/div>\n\t\t\t\t<\/div>\n\t\t<div class=\"elementor-element elementor-element-a8eeb41 e-flex e-con-boxed e-con e-parent\" data-id=\"a8eeb41\" data-element_type=\"container\">\n\t\t\t\t\t<div class=\"e-con-inner\">\n\t\t\t\t<div class=\"elementor-element elementor-element-8691363 elementor-widget elementor-widget-text-editor\" data-id=\"8691363\" data-element_type=\"widget\" data-widget_type=\"text-editor.default\">\n\t\t\t\t<div class=\"elementor-widget-container\">\n\t\t\t\t\t\t\t\t\t<h2 data-path-to-node=\"3\">Almanya&#8217;da evinizin de\u011ferini ve ya\u015fam kalitenizi art\u0131racak yeni bir al\u00fcminyum pencere veya k\u0131\u015f bah\u00e7esi mi ar\u0131yorsunuz? Palmfenster olarak, size sadece bir \u00fcr\u00fcn de\u011fil; <b>kalite, dayan\u0131kl\u0131l\u0131k ve m\u00fchendislik uzmanl\u0131\u011f\u0131n\u0131n m\u00fckemmel birle\u015fimi<\/b> olan \u00e7\u00f6z\u00fcmler sunuyoruz. Pencerelerimizin ve k\u0131\u015f bah\u00e7elerimizin temelini olu\u015fturan <b>\u00fcst\u00fcn kaliteli al\u00fcminyumun<\/b> g\u00fcc\u00fcn\u00fc ve <b>montajdaki profesyonel fark\u0131m\u0131z\u0131<\/b> ke\u015ffedin.<\/h2><hr data-path-to-node=\"5\" \/><h3 data-path-to-node=\"6\">\ud83d\udc8e Al\u00fcminyumun Rakipsiz \u00dcst\u00fcnl\u00fc\u011f\u00fc: Palmfenster Kalitesinin Temeli<\/h3><p data-path-to-node=\"7\">Al\u00fcminyum, pencere ve k\u0131\u015f bah\u00e7esi sistemlerinde modern mimarinin ve enerji verimlili\u011finin vazge\u00e7ilmez malzemesidir. Palmfenster&#8217;da kulland\u0131\u011f\u0131m\u0131z al\u00fcminyum profiller, sadece estetik de\u011fil, ayn\u0131 zamanda uzun \u00f6m\u00fcrl\u00fcl\u00fck ve \u00fcst\u00fcn performans sunar.<\/p><ul data-path-to-node=\"8\"><li><p data-path-to-node=\"8,0,0\"><b>Maksimum Dayan\u0131kl\u0131l\u0131k ve Estetik \u0130ncelik:<\/b> Al\u00fcminyum, y\u00fcksek ta\u015f\u0131ma kapasitesine sahip oldu\u011fu i\u00e7in ince ve zarif \u00e7er\u00e7evelerle <b>geni\u015f cam alanlar\u0131<\/b> (panoramik g\u00f6r\u00fcn\u00fcmler) elde etmemizi sa\u011flar. Yap\u0131sal b\u00fct\u00fcnl\u00fc\u011f\u00fc korurken modern bir g\u00f6r\u00fcn\u00fcm sunar.<\/p><\/li><li><p data-path-to-node=\"8,1,0\"><b>Hava Ko\u015fullar\u0131na Kar\u015f\u0131 \u00dcst\u00fcn Diren\u00e7:<\/b> Al\u00fcminyum, do\u011fal olarak korozyona (paslanmaya) kar\u015f\u0131 son derece diren\u00e7lidir. <b>Almanya&#8217;n\u0131n zorlu mevsim ko\u015fullar\u0131nda<\/b> dahi \u00e7atlama, b\u00fck\u00fclme veya boya atmas\u0131 gibi sorunlar ya\u015famadan <b>y\u0131llarca ilk g\u00fcnk\u00fc g\u00f6r\u00fcn\u00fcm\u00fcn\u00fc<\/b> korur.<\/p><\/li><li><p data-path-to-node=\"8,2,0\"><b>Enerji Verimlili\u011finde Liderlik:<\/b> Kulland\u0131\u011f\u0131m\u0131z y\u00fcksek standartl\u0131 <b>termal k\u0131r\u0131l\u0131ml\u0131 al\u00fcminyum profiller<\/b>, d\u0131\u015f hava s\u0131cakl\u0131klar\u0131 ile i\u00e7 mekan s\u0131cakl\u0131klar\u0131 aras\u0131ndaki \u0131s\u0131 transferini en aza indirir. Bu, m\u00fckemmel bir yal\u0131t\u0131m sa\u011flayarak <b>\u0131s\u0131tma ve so\u011futma maliyetlerinizde g\u00f6zle g\u00f6r\u00fcl\u00fcr bir tasarruf<\/b> sa\u011flar.<\/p><\/li><li><p data-path-to-node=\"8,3,0\"><b>S\u00fcrd\u00fcr\u00fclebilirlik:<\/b> Al\u00fcminyum, kalitesini kaybetmeden %100 oran\u0131nda geri d\u00f6n\u00fc\u015ft\u00fcr\u00fclebilir bir malzemedir. Palmfenster&#8217;\u0131 se\u00e7erek, \u00e7evreye duyarl\u0131 bir tercihte bulunursunuz.<\/p><\/li><\/ul><hr data-path-to-node=\"9\" \/><h3 data-path-to-node=\"10\">\ud83d\udd27 Palmfenster Fark\u0131: Montajda M\u00fchendislik Disiplini<\/h3><p data-path-to-node=\"11\">Bir pencere veya k\u0131\u015f bah\u00e7esi sisteminin kalitesi, sadece kullan\u0131lan <b>malzemenin kalitesi<\/b> ile de\u011fil, ayn\u0131 zamanda <b>montaj\u0131n ne kadar do\u011fru ve hassas yap\u0131ld\u0131\u011f\u0131yla<\/b> tamamlan\u0131r. Montaj, sistemin uzun \u00f6m\u00fcrl\u00fcl\u00fc\u011f\u00fcn\u00fc, yal\u0131t\u0131m performans\u0131n\u0131 ve sorunsuz \u00e7al\u0131\u015fmas\u0131n\u0131 belirleyen kritik a\u015famad\u0131r.<\/p><p data-path-to-node=\"12\"><b>Palmfenster&#8217;\u0131n en g\u00fc\u00e7l\u00fc y\u00f6n\u00fc:<\/b> Projenizin ba\u015f\u0131ndan sonuna kadar <b>i\u015fin teknik uzmanl\u0131\u011f\u0131na hakim bir m\u00fchendis<\/b> taraf\u0131ndan y\u00f6netilmesidir.<\/p><blockquote data-path-to-node=\"13\"><p data-path-to-node=\"13,0\">\ud83d\udca1 <b>Hizmetiniz, Al\u00fcminyum Sekt\u00f6r\u00fcn\u00fcn Derinliklerine Hakim Bir Uzmandan:<\/b><\/p><p data-path-to-node=\"13,1\">Firmam\u0131z\u0131n hizmet kalitesini ve montaj m\u00fckemmeliyetini y\u00f6neten ana uzman\u0131m\u0131z, s\u0131radan bir usta de\u011fil; <b>al\u00fcminyum \u00fcretim tesislerinin kurulumunda dan\u0131\u015fmanl\u0131k yapm\u0131\u015f<\/b>, malzemenin t\u00fcm teknik detaylar\u0131na ve uygulama standartlar\u0131na h\u00e2kim bir <b>m\u00fchendistir.<\/b> Bu, size sadece standart bir montaj de\u011fil, <b>m\u00fchendislik g\u00fcvencesiyle<\/b> teslim edilmi\u015f bir hizmet sunar.<\/p><\/blockquote><h4 data-path-to-node=\"14\">M\u00fchendislik Vizyonu, M\u00fckemmel Montaj\u0131 Nas\u0131l Sa\u011flar?<\/h4><ol start=\"1\" data-path-to-node=\"15\"><li><p data-path-to-node=\"15,0,0\"><b>Hassas Statik ve Yap\u0131sal Uyum:<\/b> \u00d6zellikle k\u0131\u015f bah\u00e7esi gibi b\u00fcy\u00fck projelerde, yap\u0131ya bindirilen y\u00fcklerin ve statik gereksinimlerin do\u011fru hesaplanmas\u0131 hayati \u00f6nem ta\u015f\u0131r. M\u00fchendisimiz, sistemin mevcut yap\u0131 ile m\u00fckemmel bir <b>uyum i\u00e7inde<\/b> ve <b>maksimum g\u00fcvenlikle<\/b> monte edildi\u011fini garanti eder.<\/p><\/li><li><p data-path-to-node=\"15,1,0\"><b>S\u0131f\u0131r Hata Yal\u0131t\u0131m Uygulamas\u0131:<\/b> Yal\u0131t\u0131m performans\u0131n\u0131 d\u00fc\u015f\u00fcren en b\u00fcy\u00fck etken, pencere ve duvar aras\u0131ndaki birle\u015fim yerlerindeki hatalard\u0131r. M\u00fchendislik bilgisi, <b>hava s\u0131z\u0131nt\u0131lar\u0131n\u0131 ve \u0131s\u0131 k\u00f6pr\u00fclerini<\/b> \u00f6nleyecek en geli\u015fmi\u015f s\u0131zd\u0131rmazl\u0131k ve izolasyon tekniklerinin do\u011fru katmanlama ile uygulanmas\u0131n\u0131 sa\u011flar.<\/p><\/li><li><p data-path-to-node=\"15,2,0\"><b>Optimum Ayar ve Kullan\u0131m Konforu:<\/b> Pencerelerinizin, kap\u0131lar\u0131n\u0131z\u0131n ve s\u00fcrme sistemlerinizin mekanizmalar\u0131, en ufak bir s\u00fcrt\u00fcnme veya zorlama olmaks\u0131z\u0131n, <b>uzun y\u0131llar boyunca p\u00fcr\u00fczs\u00fcz ve sessiz<\/b> \u00e7al\u0131\u015fmal\u0131d\u0131r. M\u00fchendislik hassasiyeti, t\u00fcm bile\u015fenlerin <b>milimetrik ayarlar\u0131n\u0131n<\/b> yap\u0131lmas\u0131n\u0131 ve size maksimum kullan\u0131m konforu sunulmas\u0131n\u0131 sa\u011flar.<\/p><\/li><\/ol><hr data-path-to-node=\"16\" \/><h3 data-path-to-node=\"17\">\ud83c\udfaf Sonu\u00e7: Yat\u0131r\u0131m\u0131n\u0131z\u0131n De\u011feri Palmfenster ile Artar<\/h3><p data-path-to-node=\"18\">Almanya&#8217;da bir al\u00fcminyum pencere veya k\u0131\u015f bah\u00e7esi se\u00e7imi yaparken, \u00fcr\u00fcn\u00fcn arkas\u0131ndaki uzmanl\u0131\u011f\u0131 da de\u011ferlendirmelisiniz. Palmfenster olarak, en y\u00fcksek kalitedeki al\u00fcminyum profilleri, sekt\u00f6r\u00fcn en tecr\u00fcbeli <b>m\u00fchendislik g\u00fcvencesiyle<\/b> evinize ta\u015f\u0131yoruz.<\/p><p data-path-to-node=\"19\"><b>Palmfenster&#8217;\u0131 se\u00e7mek, projenizi, al\u00fcminyum sistemlerin t\u00fcm inceliklerine h\u00e2kim bir uzman\u0131n ellerine teslim etmektir.<\/b><\/p><p data-path-to-node=\"20\">Evinizin konforuna, g\u00fcvenli\u011fine ve gelece\u011fine yat\u0131r\u0131m yap\u0131n. Palmfenster&#8217;\u0131n m\u00fchendislik fark\u0131n\u0131 bug\u00fcn ke\u015ffedin.<\/p><hr data-path-to-node=\"21\" \/><p data-path-to-node=\"22\"><b>Palmfenster&#8217;\u0131n m\u00fchendislik kalitesiyle tasarlanm\u0131\u015f projeler hakk\u0131nda daha fazla bilgi almak ister misiniz?<\/b><\/p><ul data-path-to-node=\"23\"><li><p data-path-to-node=\"23,0,0\"><i>Hemen \u015fimdi \u00fccretsiz bir dan\u0131\u015fmanl\u0131k veya ke\u015fif randevusu olu\u015fturmak i\u00e7in bizimle ileti\u015fime ge\u00e7in!<\/i><\/p><\/li><\/ul>\t\t\t\t\t\t\t\t<\/div>\n\t\t\t\t<\/div>\n\t\t\t\t<div class=\"elementor-element elementor-element-d3356bb elementor--h-position-center elementor--v-position-middle elementor-arrows-position-inside elementor-pagination-position-inside elementor-widget elementor-widget-slides\" data-id=\"d3356bb\" data-element_type=\"widget\" data-settings=\"{&quot;navigation&quot;:&quot;both&quot;,&quot;autoplay&quot;:&quot;yes&quot;,&quot;pause_on_hover&quot;:&quot;yes&quot;,&quot;pause_on_interaction&quot;:&quot;yes&quot;,&quot;autoplay_speed&quot;:5000,&quot;infinite&quot;:&quot;yes&quot;,&quot;transition&quot;:&quot;slide&quot;,&quot;transition_speed&quot;:500}\" data-widget_type=\"slides.default\">\n\t\t\t\t<div class=\"elementor-widget-container\">\n\t\t\t\t\t\t\t\t\t<div class=\"elementor-swiper\">\n\t\t\t\t\t<div class=\"elementor-slides-wrapper elementor-main-swiper swiper\" role=\"region\" aria-roledescription=\"carousel\" aria-label=\"Slides\" dir=\"ltr\" data-animation=\"fadeInUp\">\n\t\t\t\t<div class=\"swiper-wrapper elementor-slides\">\n\t\t\t\t\t\t\t\t\t\t<div class=\"elementor-repeater-item-e440f12 swiper-slide\" role=\"group\" aria-roledescription=\"slide\"><div class=\"swiper-slide-bg\" role=\"img\" aria-label=\"ads\u0131z (1920 x 700 piksel) (10)\"><\/div><div class=\"swiper-slide-inner\" ><div class=\"swiper-slide-contents\"><\/div><\/div><\/div><div class=\"elementor-repeater-item-028f2b4 swiper-slide\" role=\"group\" aria-roledescription=\"slide\"><div class=\"swiper-slide-bg\" role=\"img\" aria-label=\"ads\u0131z (1920 x 700 piksel) (13)\"><\/div><div class=\"swiper-slide-inner\" ><div class=\"swiper-slide-contents\"><\/div><\/div><\/div><div class=\"elementor-repeater-item-fd9e445 swiper-slide\" role=\"group\" aria-roledescription=\"slide\"><div class=\"swiper-slide-bg\" role=\"img\" aria-label=\"ads\u0131z (1920 x 700 piksel) (9)\"><\/div><div class=\"swiper-slide-inner\" ><div class=\"swiper-slide-contents\"><\/div><\/div><\/div><div class=\"elementor-repeater-item-ebfdc91 swiper-slide\" role=\"group\" aria-roledescription=\"slide\"><div class=\"swiper-slide-bg\" role=\"img\" aria-label=\"ads\u0131z (1920 x 700 piksel) (12)\"><\/div><div class=\"swiper-slide-inner\" ><div class=\"swiper-slide-contents\"><\/div><\/div><\/div><div class=\"elementor-repeater-item-5d79909 swiper-slide\" role=\"group\" aria-roledescription=\"slide\"><div class=\"swiper-slide-bg\" role=\"img\" aria-label=\"ads\u0131z (1920 x 700 piksel) (11)\"><\/div><div class=\"swiper-slide-inner\" ><div class=\"swiper-slide-contents\"><\/div><\/div><\/div>\t\t\t\t<\/div>\n\t\t\t\t\t\t\t\t\t\t\t\t\t\t\t<div class=\"elementor-swiper-button elementor-swiper-button-prev\" role=\"button\" tabindex=\"0\" aria-label=\"Previous slide\">\n\t\t\t\t\t\t\t<i aria-hidden=\"true\" class=\"eicon-chevron-left\"><\/i>\t\t\t\t\t\t<\/div>\n\t\t\t\t\t\t<div class=\"elementor-swiper-button elementor-swiper-button-next\" role=\"button\" tabindex=\"0\" aria-label=\"Next slide\">\n\t\t\t\t\t\t\t<i aria-hidden=\"true\" class=\"eicon-chevron-right\"><\/i>\t\t\t\t\t\t<\/div>\n\t\t\t\t\t\t\t\t\t\t\t\t\t\t\t\t<div class=\"swiper-pagination\"><\/div>\n\t\t\t\t\t\t\t\t\t\t\t\t<\/div>\n\t\t\t\t<\/div>\n\t\t\t\t\t\t\t\t<\/div>\n\t\t\t\t<\/div>\n\t\t\t\t\t<\/div>\n\t\t\t\t<\/div>\n\t\t\t\t<\/div>\n\t\t","protected":false},"excerpt":{"rendered":"<p>\ud83d\ude80 Palmfenster: Pencerede Standartlar\u0131n \u00d6tesi Bir M\u00fchendislik Dokunu\u015fu Almanya&#8217;da evinizin de\u011ferini ve ya\u015fam kalitenizi art\u0131racak yeni bir al\u00fcminyum pencere veya k\u0131\u015f bah\u00e7esi mi ar\u0131yorsunuz? Palmfenster olarak, size sadece bir \u00fcr\u00fcn de\u011fil; kalite, dayan\u0131kl\u0131l\u0131k ve m\u00fchendislik uzmanl\u0131\u011f\u0131n\u0131n m\u00fckemmel birle\u015fimi olan \u00e7\u00f6z\u00fcmler sunuyoruz. Pencerelerimizin ve k\u0131\u015f bah\u00e7elerimizin temelini olu\u015fturan \u00fcst\u00fcn kaliteli al\u00fcminyumun g\u00fcc\u00fcn\u00fc ve montajdaki profesyonel fark\u0131m\u0131z\u0131 [&hellip;]<\/p>\n","protected":false},"author":1,"featured_media":0,"parent":0,"menu_order":0,"comment_status":"closed","ping_status":"closed","template":"","meta":{"_uag_custom_page_level_css":"","site-sidebar-layout":"no-sidebar","site-content-layout":"page-builder","ast-site-content-layout":"full-width-container","site-content-style":"default","site-sidebar-style":"default","ast-global-header-display":"","ast-banner-title-visibility":"","ast-main-header-display":"","ast-hfb-above-header-display":"","ast-hfb-below-header-display":"","ast-hfb-mobile-header-display":"","site-post-title":"disabled","ast-breadcrumbs-content":"","ast-featured-img":"disabled","footer-sml-layout":"","ast-disable-related-posts":"","theme-transparent-header-meta":"","adv-header-id-meta":"","stick-header-meta":"","header-above-stick-meta":"","header-main-stick-meta":"","header-below-stick-meta":"","astra-migrate-meta-layouts":"set","ast-page-background-enabled":"default","ast-page-background-meta":{"desktop":{"background-color":"var(--ast-global-color-4)","background-image":"","background-repeat":"repeat","background-position":"center center","background-size":"auto","background-attachment":"scroll","background-type":"","background-media":"","overlay-type":"","overlay-color":"","overlay-opacity":"","overlay-gradient":""},"tablet":{"background-color":"","background-image":"","background-repeat":"repeat","background-position":"center center","background-size":"auto","background-attachment":"scroll","background-type":"","background-media":"","overlay-type":"","overlay-color":"","overlay-opacity":"","overlay-gradient":""},"mobile":{"background-color":"","background-image":"","background-repeat":"repeat","background-position":"center center","background-size":"auto","background-attachment":"scroll","background-type":"","background-media":"","overlay-type":"","overlay-color":"","overlay-opacity":"","overlay-gradient":""}},"ast-content-background-meta":{"desktop":{"background-color":"var(--ast-global-color-5)","background-image":"","background-repeat":"repeat","background-position":"center center","background-size":"auto","background-attachment":"scroll","background-type":"","background-media":"","overlay-type":"","overlay-color":"","overlay-opacity":"","overlay-gradient":""},"tablet":{"background-color":"var(--ast-global-color-5)","background-image":"","background-repeat":"repeat","background-position":"center center","background-size":"auto","background-attachment":"scroll","background-type":"","background-media":"","overlay-type":"","overlay-color":"","overlay-opacity":"","overlay-gradient":""},"mobile":{"background-color":"var(--ast-global-color-5)","background-image":"","background-repeat":"repeat","background-position":"center center","background-size":"auto","background-attachment":"scroll","background-type":"","background-media":"","overlay-type":"","overlay-color":"","overlay-opacity":"","overlay-gradient":""}},"footnotes":""},"class_list":["post-2930","page","type-page","status-publish","hentry"],"_hostinger_reach_plugin_has_subscription_block":false,"_hostinger_reach_plugin_is_elementor":false,"uagb_featured_image_src":{"full":false,"thumbnail":false,"medium":false,"medium_large":false,"large":false,"1536x1536":false,"2048x2048":false},"uagb_author_info":{"display_name":"palmfenster.de","author_link":"https:\/\/palmfenster.de\/tr\/author\/palmfenster-de\/"},"uagb_comment_info":0,"uagb_excerpt":"\ud83d\ude80 Palmfenster: Pencerede Standartlar\u0131n \u00d6tesi Bir M\u00fchendislik Dokunu\u015fu Almanya&#8217;da evinizin de\u011ferini ve ya\u015fam kalitenizi art\u0131racak yeni bir al\u00fcminyum pencere veya k\u0131\u015f bah\u00e7esi mi ar\u0131yorsunuz? Palmfenster olarak, size sadece bir \u00fcr\u00fcn de\u011fil; kalite, dayan\u0131kl\u0131l\u0131k ve m\u00fchendislik uzmanl\u0131\u011f\u0131n\u0131n m\u00fckemmel birle\u015fimi olan \u00e7\u00f6z\u00fcmler sunuyoruz. Pencerelerimizin ve k\u0131\u015f bah\u00e7elerimizin temelini olu\u015fturan \u00fcst\u00fcn kaliteli al\u00fcminyumun g\u00fcc\u00fcn\u00fc ve montajdaki profesyonel fark\u0131m\u0131z\u0131&hellip;","_links":{"self":[{"href":"https:\/\/palmfenster.de\/tr\/wp-json\/wp\/v2\/pages\/2930","targetHints":{"allow":["GET"]}}],"collection":[{"href":"https:\/\/palmfenster.de\/tr\/wp-json\/wp\/v2\/pages"}],"about":[{"href":"https:\/\/palmfenster.de\/tr\/wp-json\/wp\/v2\/types\/page"}],"author":[{"embeddable":true,"href":"https:\/\/palmfenster.de\/tr\/wp-json\/wp\/v2\/users\/1"}],"replies":[{"embeddable":true,"href":"https:\/\/palmfenster.de\/tr\/wp-json\/wp\/v2\/comments?post=2930"}],"version-history":[{"count":3,"href":"https:\/\/palmfenster.de\/tr\/wp-json\/wp\/v2\/pages\/2930\/revisions"}],"predecessor-version":[{"id":3141,"href":"https:\/\/palmfenster.de\/tr\/wp-json\/wp\/v2\/pages\/2930\/revisions\/3141"}],"wp:attachment":[{"href":"https:\/\/palmfenster.de\/tr\/wp-json\/wp\/v2\/media?parent=2930"}],"curies":[{"name":"wp","href":"https:\/\/api.w.org\/{rel}","templated":true}]}}