{"id":3304,"date":"2026-01-21T12:03:48","date_gmt":"2026-01-21T12:03:48","guid":{"rendered":"https:\/\/palmfenster.de\/?page_id=3304"},"modified":"2026-01-21T23:20:17","modified_gmt":"2026-01-21T23:20:17","slug":"sun-and-wind-protection-systems-ultimate-comfort-for-outdoor-areas","status":"publish","type":"page","link":"https:\/\/palmfenster.de\/en\/sun-and-wind-protection-systems-ultimate-comfort-for-outdoor-areas\/","title":{"rendered":"Sun and Wind Protection Systems"},"content":{"rendered":"\t\t<div data-elementor-type=\"wp-page\" data-elementor-id=\"3304\" class=\"elementor elementor-3304\" data-elementor-post-type=\"page\">\n\t\t\t\t<div class=\"elementor-element elementor-element-583ece1 e-flex e-con-boxed e-con e-parent\" data-id=\"583ece1\" data-element_type=\"container\">\n\t\t\t\t\t<div class=\"e-con-inner\">\n\t\t\t\t<div class=\"elementor-element elementor-element-c18d137 elementor-widget elementor-widget-heading\" data-id=\"c18d137\" data-element_type=\"widget\" data-widget_type=\"heading.default\">\n\t\t\t\t<div class=\"elementor-widget-container\">\n\t\t\t\t\t<h2 class=\"elementor-heading-title elementor-size-default\"><h2 data-start=\"1170\" data-end=\"1224\" style=\"font-style: normal\"><h2 data-start=\"1170\" data-end=\"1224\" style=\"font-style: normal\"><span data-start=\"1173\" data-end=\"1224\" style=\"font-weight: 700\">Most Popular Sun and Wind Protection Solutions<\/span><span style=\"font-size: 1.875rem;font-style: inherit\"><\/span><\/h2><\/h2><\/h2>\t\t\t\t<\/div>\n\t\t\t\t<\/div>\n\t\t\t\t\t<\/div>\n\t\t\t\t<\/div>\n\t\t<div class=\"elementor-element elementor-element-d9713c4 e-flex e-con-boxed e-con e-parent\" data-id=\"d9713c4\" data-element_type=\"container\">\n\t\t\t\t\t<div class=\"e-con-inner\">\n\t\t<div class=\"elementor-element elementor-element-3485ff4 e-con-full e-flex e-con e-child\" data-id=\"3485ff4\" data-element_type=\"container\">\n\t\t\t\t<div class=\"elementor-element elementor-element-21f49d6 elementor-widget elementor-widget-image\" data-id=\"21f49d6\" data-element_type=\"widget\" data-widget_type=\"image.default\">\n\t\t\t\t<div class=\"elementor-widget-container\">\n\t\t\t\t\t\t\t\t\t\t\t\t\t\t\t\t<a href=\"https:\/\/palmfenster.de\/cam-balkon-sistemleri\/\">\n\t\t\t\t\t\t\t<img fetchpriority=\"high\" decoding=\"async\" width=\"1024\" height=\"1024\" src=\"https:\/\/palmfenster.de\/wp-content\/uploads\/2025\/11\/2-1024x1024.png\" class=\"attachment-large size-large wp-image-3180\" alt=\"2\" srcset=\"https:\/\/palmfenster.de\/wp-content\/uploads\/2025\/11\/2-1024x1024.png 1024w, https:\/\/palmfenster.de\/wp-content\/uploads\/2025\/11\/2-300x300.png 300w, https:\/\/palmfenster.de\/wp-content\/uploads\/2025\/11\/2-150x150.png 150w, https:\/\/palmfenster.de\/wp-content\/uploads\/2025\/11\/2-768x768.png 768w, https:\/\/palmfenster.de\/wp-content\/uploads\/2025\/11\/2.png 1080w\" sizes=\"(max-width: 1024px) 100vw, 1024px\" title=\"Sun and Wind Protection Systems\">\t\t\t\t\t\t\t\t<\/a>\n\t\t\t\t\t\t\t\t\t\t\t\t\t\t\t<\/div>\n\t\t\t\t<\/div>\n\t\t\t\t<div class=\"elementor-element elementor-element-e6fe980 elementor-button-success elementor-align-center elementor-widget elementor-widget-button\" data-id=\"e6fe980\" data-element_type=\"widget\" data-widget_type=\"button.default\">\n\t\t\t\t<div class=\"elementor-widget-container\">\n\t\t\t\t\t\t\t\t\t<div class=\"elementor-button-wrapper\">\n\t\t\t\t\t<a class=\"elementor-button elementor-button-link elementor-size-sm\" href=\"https:\/\/palmfenster.de\/cam-balkon-sistemleri\/\">\n\t\t\t\t\t\t<span class=\"elementor-button-content-wrapper\">\n\t\t\t\t\t\t\t\t\t<span class=\"elementor-button-text\">Glass Balcony Systems<\/span>\n\t\t\t\t\t<\/span>\n\t\t\t\t\t<\/a>\n\t\t\t\t<\/div>\n\t\t\t\t\t\t\t\t<\/div>\n\t\t\t\t<\/div>\n\t\t\t\t<\/div>\n\t\t<div class=\"elementor-element elementor-element-10311f0 e-con-full e-flex e-con e-child\" data-id=\"10311f0\" data-element_type=\"container\">\n\t\t\t\t<div class=\"elementor-element elementor-element-9517a55 elementor-widget elementor-widget-image\" data-id=\"9517a55\" data-element_type=\"widget\" data-widget_type=\"image.default\">\n\t\t\t\t<div class=\"elementor-widget-container\">\n\t\t\t\t\t\t\t\t\t\t\t\t\t\t\t\t<a href=\"https:\/\/palmfenster.de\/aluminyum-panjur\/\">\n\t\t\t\t\t\t\t<img decoding=\"async\" width=\"1024\" height=\"1024\" src=\"https:\/\/palmfenster.de\/wp-content\/uploads\/2025\/11\/4-1024x1024.png\" class=\"attachment-large size-large wp-image-3181\" alt=\"4\" srcset=\"https:\/\/palmfenster.de\/wp-content\/uploads\/2025\/11\/4-1024x1024.png 1024w, https:\/\/palmfenster.de\/wp-content\/uploads\/2025\/11\/4-300x300.png 300w, https:\/\/palmfenster.de\/wp-content\/uploads\/2025\/11\/4-150x150.png 150w, https:\/\/palmfenster.de\/wp-content\/uploads\/2025\/11\/4-768x768.png 768w, https:\/\/palmfenster.de\/wp-content\/uploads\/2025\/11\/4.png 1080w\" sizes=\"(max-width: 1024px) 100vw, 1024px\" title=\"Sun and Wind Protection Systems\">\t\t\t\t\t\t\t\t<\/a>\n\t\t\t\t\t\t\t\t\t\t\t\t\t\t\t<\/div>\n\t\t\t\t<\/div>\n\t\t\t\t<div class=\"elementor-element elementor-element-a3ef260 elementor-button-success elementor-align-center elementor-widget elementor-widget-button\" data-id=\"a3ef260\" data-element_type=\"widget\" data-widget_type=\"button.default\">\n\t\t\t\t<div class=\"elementor-widget-container\">\n\t\t\t\t\t\t\t\t\t<div class=\"elementor-button-wrapper\">\n\t\t\t\t\t<a class=\"elementor-button elementor-button-link elementor-size-sm\" href=\"https:\/\/palmfenster.de\/aluminyum-panjur\/\">\n\t\t\t\t\t\t<span class=\"elementor-button-content-wrapper\">\n\t\t\t\t\t\t\t\t\t<span class=\"elementor-button-text\">Aluminum Roller Shutter Systems<\/span>\n\t\t\t\t\t<\/span>\n\t\t\t\t\t<\/a>\n\t\t\t\t<\/div>\n\t\t\t\t\t\t\t\t<\/div>\n\t\t\t\t<\/div>\n\t\t\t\t<\/div>\n\t\t\t\t\t<\/div>\n\t\t\t\t<\/div>\n\t\t<div class=\"elementor-element elementor-element-8ba30b3 e-flex e-con-boxed e-con e-parent\" data-id=\"8ba30b3\" data-element_type=\"container\">\n\t\t\t\t\t<div class=\"e-con-inner\">\n\t\t<div class=\"elementor-element elementor-element-8a02bb1 e-con-full e-flex e-con e-child\" data-id=\"8a02bb1\" data-element_type=\"container\">\n\t\t\t\t<div class=\"elementor-element elementor-element-2ee4865 elementor-widget elementor-widget-image\" data-id=\"2ee4865\" data-element_type=\"widget\" data-widget_type=\"image.default\">\n\t\t\t\t<div class=\"elementor-widget-container\">\n\t\t\t\t\t\t\t\t\t\t\t\t\t\t\t\t<a href=\"https:\/\/palmfenster.de\/zip-perde\/\">\n\t\t\t\t\t\t\t<img decoding=\"async\" width=\"1024\" height=\"1024\" src=\"https:\/\/palmfenster.de\/wp-content\/uploads\/2025\/11\/1-1024x1024.png\" class=\"attachment-large size-large wp-image-3182\" alt=\"1\" srcset=\"https:\/\/palmfenster.de\/wp-content\/uploads\/2025\/11\/1-1024x1024.png 1024w, https:\/\/palmfenster.de\/wp-content\/uploads\/2025\/11\/1-300x300.png 300w, https:\/\/palmfenster.de\/wp-content\/uploads\/2025\/11\/1-150x150.png 150w, https:\/\/palmfenster.de\/wp-content\/uploads\/2025\/11\/1-768x768.png 768w, https:\/\/palmfenster.de\/wp-content\/uploads\/2025\/11\/1.png 1080w\" sizes=\"(max-width: 1024px) 100vw, 1024px\" title=\"Sun and Wind Protection Systems\">\t\t\t\t\t\t\t\t<\/a>\n\t\t\t\t\t\t\t\t\t\t\t\t\t\t\t<\/div>\n\t\t\t\t<\/div>\n\t\t\t\t<div class=\"elementor-element elementor-element-5d57c7f elementor-button-success elementor-align-center elementor-widget elementor-widget-button\" data-id=\"5d57c7f\" data-element_type=\"widget\" data-widget_type=\"button.default\">\n\t\t\t\t<div class=\"elementor-widget-container\">\n\t\t\t\t\t\t\t\t\t<div class=\"elementor-button-wrapper\">\n\t\t\t\t\t<a class=\"elementor-button elementor-button-link elementor-size-sm\" href=\"https:\/\/palmfenster.de\/zip-perde\/\">\n\t\t\t\t\t\t<span class=\"elementor-button-content-wrapper\">\n\t\t\t\t\t\t\t\t\t<span class=\"elementor-button-text\">Zip Screen Systems<\/span>\n\t\t\t\t\t<\/span>\n\t\t\t\t\t<\/a>\n\t\t\t\t<\/div>\n\t\t\t\t\t\t\t\t<\/div>\n\t\t\t\t<\/div>\n\t\t\t\t<\/div>\n\t\t<div class=\"elementor-element elementor-element-7b46461 e-con-full e-flex e-con e-child\" data-id=\"7b46461\" data-element_type=\"container\">\n\t\t\t\t<div class=\"elementor-element elementor-element-f21171a elementor-widget elementor-widget-image\" data-id=\"f21171a\" data-element_type=\"widget\" data-widget_type=\"image.default\">\n\t\t\t\t<div class=\"elementor-widget-container\">\n\t\t\t\t\t\t\t\t\t\t\t\t\t\t\t\t<a href=\"https:\/\/palmfenster.de\/motorlu-giyotin\/\">\n\t\t\t\t\t\t\t<img loading=\"lazy\" decoding=\"async\" width=\"1024\" height=\"1024\" src=\"https:\/\/palmfenster.de\/wp-content\/uploads\/2025\/11\/5-1024x1024.png\" class=\"attachment-large size-large wp-image-3183\" alt=\"5\" srcset=\"https:\/\/palmfenster.de\/wp-content\/uploads\/2025\/11\/5-1024x1024.png 1024w, https:\/\/palmfenster.de\/wp-content\/uploads\/2025\/11\/5-300x300.png 300w, https:\/\/palmfenster.de\/wp-content\/uploads\/2025\/11\/5-150x150.png 150w, https:\/\/palmfenster.de\/wp-content\/uploads\/2025\/11\/5-768x768.png 768w, https:\/\/palmfenster.de\/wp-content\/uploads\/2025\/11\/5.png 1080w\" sizes=\"(max-width: 1024px) 100vw, 1024px\" title=\"Sun and Wind Protection Systems\">\t\t\t\t\t\t\t\t<\/a>\n\t\t\t\t\t\t\t\t\t\t\t\t\t\t\t<\/div>\n\t\t\t\t<\/div>\n\t\t\t\t<div class=\"elementor-element elementor-element-494f0b8 elementor-button-success elementor-align-center elementor-widget elementor-widget-button\" data-id=\"494f0b8\" data-element_type=\"widget\" data-widget_type=\"button.default\">\n\t\t\t\t<div class=\"elementor-widget-container\">\n\t\t\t\t\t\t\t\t\t<div class=\"elementor-button-wrapper\">\n\t\t\t\t\t<a class=\"elementor-button elementor-button-link elementor-size-sm\" href=\"https:\/\/palmfenster.de\/motorlu-giyotin\/\">\n\t\t\t\t\t\t<span class=\"elementor-button-content-wrapper\">\n\t\t\t\t\t\t\t\t\t<span class=\"elementor-button-text\">Motorized Guillotine Glass Systems<\/span>\n\t\t\t\t\t<\/span>\n\t\t\t\t\t<\/a>\n\t\t\t\t<\/div>\n\t\t\t\t\t\t\t\t<\/div>\n\t\t\t\t<\/div>\n\t\t\t\t<\/div>\n\t\t\t\t\t<\/div>\n\t\t\t\t<\/div>\n\t\t<div class=\"elementor-element elementor-element-96e04de e-flex e-con-boxed e-con e-parent\" data-id=\"96e04de\" data-element_type=\"container\">\n\t\t\t\t\t<div class=\"e-con-inner\">\n\t\t<div class=\"elementor-element elementor-element-d536dad e-con-full e-flex e-con e-child\" data-id=\"d536dad\" data-element_type=\"container\">\n\t\t\t\t<div class=\"elementor-element elementor-element-f0f1696 elementor-widget elementor-widget-image\" data-id=\"f0f1696\" data-element_type=\"widget\" data-widget_type=\"image.default\">\n\t\t\t\t<div class=\"elementor-widget-container\">\n\t\t\t\t\t\t\t\t\t\t\t\t\t\t\t\t<a href=\"https:\/\/palmfenster.de\/ruzgar-kirici\/\">\n\t\t\t\t\t\t\t<img loading=\"lazy\" decoding=\"async\" width=\"1024\" height=\"1024\" src=\"https:\/\/palmfenster.de\/wp-content\/uploads\/2025\/11\/3-1024x1024.png\" class=\"attachment-large size-large wp-image-3184\" alt=\"3\" srcset=\"https:\/\/palmfenster.de\/wp-content\/uploads\/2025\/11\/3-1024x1024.png 1024w, https:\/\/palmfenster.de\/wp-content\/uploads\/2025\/11\/3-300x300.png 300w, https:\/\/palmfenster.de\/wp-content\/uploads\/2025\/11\/3-150x150.png 150w, https:\/\/palmfenster.de\/wp-content\/uploads\/2025\/11\/3-768x768.png 768w, https:\/\/palmfenster.de\/wp-content\/uploads\/2025\/11\/3.png 1080w\" sizes=\"(max-width: 1024px) 100vw, 1024px\" title=\"Sun and Wind Protection Systems\">\t\t\t\t\t\t\t\t<\/a>\n\t\t\t\t\t\t\t\t\t\t\t\t\t\t\t<\/div>\n\t\t\t\t<\/div>\n\t\t\t\t<div class=\"elementor-element elementor-element-2e72e01 elementor-button-success elementor-align-center elementor-widget elementor-widget-button\" data-id=\"2e72e01\" data-element_type=\"widget\" data-widget_type=\"button.default\">\n\t\t\t\t<div class=\"elementor-widget-container\">\n\t\t\t\t\t\t\t\t\t<div class=\"elementor-button-wrapper\">\n\t\t\t\t\t<a class=\"elementor-button elementor-button-link elementor-size-sm\" href=\"https:\/\/palmfenster.de\/ruzgar-kirici\/\">\n\t\t\t\t\t\t<span class=\"elementor-button-content-wrapper\">\n\t\t\t\t\t\t\t\t\t<span class=\"elementor-button-text\">R\u00fczgar K\u0131r\u0131c\u0131<\/span>\n\t\t\t\t\t<\/span>\n\t\t\t\t\t<\/a>\n\t\t\t\t<\/div>\n\t\t\t\t\t\t\t\t<\/div>\n\t\t\t\t<\/div>\n\t\t\t\t<\/div>\n\t\t<div class=\"elementor-element elementor-element-d19c6a1 e-con-full e-flex e-con e-child\" data-id=\"d19c6a1\" data-element_type=\"container\">\n\t\t\t\t<\/div>\n\t\t\t\t\t<\/div>\n\t\t\t\t<\/div>\n\t\t\t\t<\/div>\n\t\t","protected":false},"excerpt":{"rendered":"<p>Most Popular Sun and Wind Protection Solutions Glass Balcony Systems Aluminum Roller Shutter Systems Zip Screen Systems Motorized Guillotine Glass Systems R\u00fczgar K\u0131r\u0131c\u0131<\/p>\n","protected":false},"author":1,"featured_media":0,"parent":0,"menu_order":0,"comment_status":"closed","ping_status":"closed","template":"","meta":{"_uag_custom_page_level_css":"","site-sidebar-layout":"no-sidebar","site-content-layout":"page-builder","ast-site-content-layout":"full-width-container","site-content-style":"default","site-sidebar-style":"default","ast-global-header-display":"","ast-banner-title-visibility":"","ast-main-header-display":"","ast-hfb-above-header-display":"","ast-hfb-below-header-display":"","ast-hfb-mobile-header-display":"","site-post-title":"","ast-breadcrumbs-content":"","ast-featured-img":"disabled","footer-sml-layout":"","ast-disable-related-posts":"","theme-transparent-header-meta":"","adv-header-id-meta":"","stick-header-meta":"","header-above-stick-meta":"","header-main-stick-meta":"","header-below-stick-meta":"","astra-migrate-meta-layouts":"set","ast-page-background-enabled":"default","ast-page-background-meta":{"desktop":{"background-color":"var(--ast-global-color-4)","background-image":"","background-repeat":"repeat","background-position":"center center","background-size":"auto","background-attachment":"scroll","background-type":"","background-media":"","overlay-type":"","overlay-color":"","overlay-opacity":"","overlay-gradient":""},"tablet":{"background-color":"","background-image":"","background-repeat":"repeat","background-position":"center center","background-size":"auto","background-attachment":"scroll","background-type":"","background-media":"","overlay-type":"","overlay-color":"","overlay-opacity":"","overlay-gradient":""},"mobile":{"background-color":"","background-image":"","background-repeat":"repeat","background-position":"center center","background-size":"auto","background-attachment":"scroll","background-type":"","background-media":"","overlay-type":"","overlay-color":"","overlay-opacity":"","overlay-gradient":""}},"ast-content-background-meta":{"desktop":{"background-color":"var(--ast-global-color-5)","background-image":"","background-repeat":"repeat","background-position":"center center","background-size":"auto","background-attachment":"scroll","background-type":"","background-media":"","overlay-type":"","overlay-color":"","overlay-opacity":"","overlay-gradient":""},"tablet":{"background-color":"var(--ast-global-color-5)","background-image":"","background-repeat":"repeat","background-position":"center center","background-size":"auto","background-attachment":"scroll","background-type":"","background-media":"","overlay-type":"","overlay-color":"","overlay-opacity":"","overlay-gradient":""},"mobile":{"background-color":"var(--ast-global-color-5)","background-image":"","background-repeat":"repeat","background-position":"center center","background-size":"auto","background-attachment":"scroll","background-type":"","background-media":"","overlay-type":"","overlay-color":"","overlay-opacity":"","overlay-gradient":""}},"footnotes":""},"class_list":["post-3304","page","type-page","status-publish","hentry"],"_hostinger_reach_plugin_has_subscription_block":false,"_hostinger_reach_plugin_is_elementor":false,"uagb_featured_image_src":{"full":false,"thumbnail":false,"medium":false,"medium_large":false,"large":false,"1536x1536":false,"2048x2048":false},"uagb_author_info":{"display_name":"palmfenster.de","author_link":"https:\/\/palmfenster.de\/en\/author\/palmfenster-de\/"},"uagb_comment_info":0,"uagb_excerpt":"Most Popular Sun and Wind Protection Solutions Glass Balcony Systems Aluminum Roller Shutter Systems Zip Screen Systems Motorized Guillotine Glass Systems R\u00fczgar K\u0131r\u0131c\u0131","_links":{"self":[{"href":"https:\/\/palmfenster.de\/en\/wp-json\/wp\/v2\/pages\/3304","targetHints":{"allow":["GET"]}}],"collection":[{"href":"https:\/\/palmfenster.de\/en\/wp-json\/wp\/v2\/pages"}],"about":[{"href":"https:\/\/palmfenster.de\/en\/wp-json\/wp\/v2\/types\/page"}],"author":[{"embeddable":true,"href":"https:\/\/palmfenster.de\/en\/wp-json\/wp\/v2\/users\/1"}],"replies":[{"embeddable":true,"href":"https:\/\/palmfenster.de\/en\/wp-json\/wp\/v2\/comments?post=3304"}],"version-history":[{"count":8,"href":"https:\/\/palmfenster.de\/en\/wp-json\/wp\/v2\/pages\/3304\/revisions"}],"predecessor-version":[{"id":3383,"href":"https:\/\/palmfenster.de\/en\/wp-json\/wp\/v2\/pages\/3304\/revisions\/3383"}],"wp:attachment":[{"href":"https:\/\/palmfenster.de\/en\/wp-json\/wp\/v2\/media?parent=3304"}],"curies":[{"name":"wp","href":"https:\/\/api.w.org\/{rel}","templated":true}]}}