{"id":3286,"date":"2026-01-21T11:46:43","date_gmt":"2026-01-21T11:46:43","guid":{"rendered":"https:\/\/palmfenster.de\/?page_id=3286"},"modified":"2026-01-21T22:19:57","modified_gmt":"2026-01-21T22:19:57","slug":"glass-balcony-systems","status":"publish","type":"page","link":"https:\/\/palmfenster.de\/en\/glass-balcony-systems\/","title":{"rendered":"Glass Balcony Systems"},"content":{"rendered":"\t\t<div data-elementor-type=\"wp-page\" data-elementor-id=\"3286\" class=\"elementor elementor-3286\" data-elementor-post-type=\"page\">\n\t\t\t\t<div class=\"elementor-element elementor-element-d9713c4 e-flex e-con-boxed e-con e-parent\" data-id=\"d9713c4\" data-element_type=\"container\">\n\t\t\t\t\t<div class=\"e-con-inner\">\n\t\t<div class=\"elementor-element elementor-element-3485ff4 e-con-full e-flex e-con e-child\" data-id=\"3485ff4\" data-element_type=\"container\">\n\t\t\t\t<div class=\"elementor-element elementor-element-21f49d6 elementor-widget elementor-widget-image\" data-id=\"21f49d6\" data-element_type=\"widget\" data-widget_type=\"image.default\">\n\t\t\t\t<div class=\"elementor-widget-container\">\n\t\t\t\t\t\t\t\t\t\t\t\t\t\t\t<img fetchpriority=\"high\" decoding=\"async\" width=\"1024\" height=\"1024\" src=\"https:\/\/palmfenster.de\/wp-content\/uploads\/2025\/11\/2-1024x1024.png\" class=\"attachment-large size-large wp-image-3180\" alt=\"2\" srcset=\"https:\/\/palmfenster.de\/wp-content\/uploads\/2025\/11\/2-1024x1024.png 1024w, https:\/\/palmfenster.de\/wp-content\/uploads\/2025\/11\/2-300x300.png 300w, https:\/\/palmfenster.de\/wp-content\/uploads\/2025\/11\/2-150x150.png 150w, https:\/\/palmfenster.de\/wp-content\/uploads\/2025\/11\/2-768x768.png 768w, https:\/\/palmfenster.de\/wp-content\/uploads\/2025\/11\/2.png 1080w\" sizes=\"(max-width: 1024px) 100vw, 1024px\" title=\"Glass Balcony Systems\">\t\t\t\t\t\t\t\t\t\t\t\t\t\t\t<\/div>\n\t\t\t\t<\/div>\n\t\t\t\t<\/div>\n\t\t<div class=\"elementor-element elementor-element-10311f0 e-con-full e-flex e-con e-child\" data-id=\"10311f0\" data-element_type=\"container\">\n\t\t\t\t<div class=\"elementor-element elementor-element-106250e elementor-widget elementor-widget-heading\" data-id=\"106250e\" data-element_type=\"widget\" data-widget_type=\"heading.default\">\n\t\t\t\t<div class=\"elementor-widget-container\">\n\t\t\t\t\t<h2 class=\"elementor-heading-title elementor-size-default\"><b>Transparent Design &amp; Maximum Comfort<\/b><\/h2>\t\t\t\t<\/div>\n\t\t\t\t<\/div>\n\t\t\t\t<div class=\"elementor-element elementor-element-82e112b elementor-widget elementor-widget-text-editor\" data-id=\"82e112b\" data-element_type=\"widget\" data-widget_type=\"text-editor.default\">\n\t\t\t\t<div class=\"elementor-widget-container\">\n\t\t\t\t\t\t\t\t\t<h3 data-path-to-node=\"3\"><b data-path-to-node=\"3\" data-index-in-node=\"0\">Modern Glass Balcony Systems for Contemporary Living<\/b><\/h3><p data-path-to-node=\"4\"><b data-path-to-node=\"4\" data-index-in-node=\"0\">Glass balcony systems<\/b> are the ideal solution for enclosing outdoor spaces to create comfortable, aesthetic, and functional living areas. While the use of glass balconies on older, historic buildings in <b data-path-to-node=\"4\" data-index-in-node=\"202\">Germany<\/b> may be subject to specific restrictions, they are <b data-path-to-node=\"4\" data-index-in-node=\"260\">legally permitted<\/b> and highly encouraged in <b data-path-to-node=\"4\" data-index-in-node=\"303\">new residential constructions<\/b> and modern architectural projects. This allows for the creation of spacious, light-filled environments that meet today&#8217;s design standards.<\/p>\t\t\t\t\t\t\t\t<\/div>\n\t\t\t\t<\/div>\n\t\t\t\t<\/div>\n\t\t\t\t\t<\/div>\n\t\t\t\t<\/div>\n\t\t<div class=\"elementor-element elementor-element-84299d1 e-flex e-con-boxed e-con e-parent\" data-id=\"84299d1\" data-element_type=\"container\">\n\t\t\t\t\t<div class=\"e-con-inner\">\n\t\t\t\t<div class=\"elementor-element elementor-element-5d81d6a elementor-align-center elementor-widget elementor-widget-button\" data-id=\"5d81d6a\" data-element_type=\"widget\" data-widget_type=\"button.default\">\n\t\t\t\t<div class=\"elementor-widget-container\">\n\t\t\t\t\t\t\t\t\t<div class=\"elementor-button-wrapper\">\n\t\t\t\t\t<a class=\"elementor-button elementor-button-link elementor-size-sm\" href=\"https:\/\/wa.me\/+4915733930745\">\n\t\t\t\t\t\t<span class=\"elementor-button-content-wrapper\">\n\t\t\t\t\t\t<span class=\"elementor-button-icon\">\n\t\t\t\t<i aria-hidden=\"true\" class=\"fab fa-whatsapp\"><\/i>\t\t\t<\/span>\n\t\t\t\t\t\t\t\t\t<span class=\"elementor-button-text\">\u00dccretsiz Ke\u015fif ve Teklif \u0130\u00e7in<\/span>\n\t\t\t\t\t<\/span>\n\t\t\t\t\t<\/a>\n\t\t\t\t<\/div>\n\t\t\t\t\t\t\t\t<\/div>\n\t\t\t\t<\/div>\n\t\t\t\t<div class=\"elementor-element elementor-element-6b10194 elementor-headline--style-highlight elementor-widget elementor-widget-animated-headline\" data-id=\"6b10194\" data-element_type=\"widget\" data-settings=\"{&quot;highlighted_text&quot;:&quot;New Constructions&quot;,&quot;headline_style&quot;:&quot;highlight&quot;,&quot;marker&quot;:&quot;circle&quot;,&quot;loop&quot;:&quot;yes&quot;,&quot;highlight_animation_duration&quot;:1200,&quot;highlight_iteration_delay&quot;:8000}\" data-widget_type=\"animated-headline.default\">\n\t\t\t\t<div class=\"elementor-widget-container\">\n\t\t\t\t\t\t\t<h4 class=\"elementor-headline\">\n\t\t\t\t\t<span class=\"elementor-headline-plain-text elementor-headline-text-wrapper\">Modern and Spacious Solutions for <\/span>\n\t\t\t\t<span class=\"elementor-headline-dynamic-wrapper elementor-headline-text-wrapper\">\n\t\t\t\t\t<span class=\"elementor-headline-dynamic-text elementor-headline-text-active\">New Constructions<\/span>\n\t\t\t\t<\/span>\n\t\t\t\t<\/h4>\n\t\t\t\t\t\t<\/div>\n\t\t\t\t<\/div>\n\t\t\t\t\t<\/div>\n\t\t\t\t<\/div>\n\t\t<div class=\"elementor-element elementor-element-4189bdb e-flex e-con-boxed e-con e-parent\" data-id=\"4189bdb\" data-element_type=\"container\">\n\t\t\t\t\t<div class=\"e-con-inner\">\n\t\t\t\t<div class=\"elementor-element elementor-element-ffbf538 elementor-widget elementor-widget-text-editor\" data-id=\"ffbf538\" data-element_type=\"widget\" data-widget_type=\"text-editor.default\">\n\t\t\t\t<div class=\"elementor-widget-container\">\n\t\t\t\t\t\t\t\t\t<h3>Our systems are manufactured using high-strength <b data-path-to-node=\"5\" data-index-in-node=\"49\">aluminum profiles<\/b> and <b data-path-to-node=\"5\" data-index-in-node=\"71\">tempered glass<\/b>, guaranteeing extreme durability and a long service life. Thanks to superior <b data-path-to-node=\"5\" data-index-in-node=\"163\">thermal insulation<\/b>, our glass balconies help maintain indoor temperatures during winter and keep spaces cool in the summer. Furthermore, their specialized design offers effective protection against external elements such as <b data-path-to-node=\"5\" data-index-in-node=\"387\">wind and rain<\/b>.<\/h3>\t\t\t\t\t\t\t\t<\/div>\n\t\t\t\t<\/div>\n\t\t\t\t\t<\/div>\n\t\t\t\t<\/div>\n\t\t\t\t<\/div>\n\t\t","protected":false},"excerpt":{"rendered":"<p>Transparent Design &amp; Maximum Comfort Modern Glass Balcony Systems for Contemporary Living Glass balcony systems are the ideal solution for enclosing outdoor spaces to create comfortable, aesthetic, and functional living areas. While the use of glass balconies on older, historic buildings in Germany may be subject to specific restrictions, they are legally permitted and highly [&hellip;]<\/p>\n","protected":false},"author":1,"featured_media":0,"parent":0,"menu_order":0,"comment_status":"closed","ping_status":"closed","template":"","meta":{"_uag_custom_page_level_css":"","site-sidebar-layout":"no-sidebar","site-content-layout":"page-builder","ast-site-content-layout":"full-width-container","site-content-style":"default","site-sidebar-style":"default","ast-global-header-display":"","ast-banner-title-visibility":"","ast-main-header-display":"","ast-hfb-above-header-display":"","ast-hfb-below-header-display":"","ast-hfb-mobile-header-display":"","site-post-title":"","ast-breadcrumbs-content":"","ast-featured-img":"disabled","footer-sml-layout":"","ast-disable-related-posts":"","theme-transparent-header-meta":"","adv-header-id-meta":"","stick-header-meta":"","header-above-stick-meta":"","header-main-stick-meta":"","header-below-stick-meta":"","astra-migrate-meta-layouts":"set","ast-page-background-enabled":"default","ast-page-background-meta":{"desktop":{"background-color":"var(--ast-global-color-4)","background-image":"","background-repeat":"repeat","background-position":"center center","background-size":"auto","background-attachment":"scroll","background-type":"","background-media":"","overlay-type":"","overlay-color":"","overlay-opacity":"","overlay-gradient":""},"tablet":{"background-color":"","background-image":"","background-repeat":"repeat","background-position":"center center","background-size":"auto","background-attachment":"scroll","background-type":"","background-media":"","overlay-type":"","overlay-color":"","overlay-opacity":"","overlay-gradient":""},"mobile":{"background-color":"","background-image":"","background-repeat":"repeat","background-position":"center center","background-size":"auto","background-attachment":"scroll","background-type":"","background-media":"","overlay-type":"","overlay-color":"","overlay-opacity":"","overlay-gradient":""}},"ast-content-background-meta":{"desktop":{"background-color":"var(--ast-global-color-5)","background-image":"","background-repeat":"repeat","background-position":"center center","background-size":"auto","background-attachment":"scroll","background-type":"","background-media":"","overlay-type":"","overlay-color":"","overlay-opacity":"","overlay-gradient":""},"tablet":{"background-color":"var(--ast-global-color-5)","background-image":"","background-repeat":"repeat","background-position":"center center","background-size":"auto","background-attachment":"scroll","background-type":"","background-media":"","overlay-type":"","overlay-color":"","overlay-opacity":"","overlay-gradient":""},"mobile":{"background-color":"var(--ast-global-color-5)","background-image":"","background-repeat":"repeat","background-position":"center center","background-size":"auto","background-attachment":"scroll","background-type":"","background-media":"","overlay-type":"","overlay-color":"","overlay-opacity":"","overlay-gradient":""}},"footnotes":""},"class_list":["post-3286","page","type-page","status-publish","hentry"],"_hostinger_reach_plugin_has_subscription_block":false,"_hostinger_reach_plugin_is_elementor":false,"uagb_featured_image_src":{"full":false,"thumbnail":false,"medium":false,"medium_large":false,"large":false,"1536x1536":false,"2048x2048":false},"uagb_author_info":{"display_name":"palmfenster.de","author_link":"https:\/\/palmfenster.de\/en\/author\/palmfenster-de\/"},"uagb_comment_info":0,"uagb_excerpt":"Transparent Design &amp; Maximum Comfort Modern Glass Balcony Systems for Contemporary Living Glass balcony systems are the ideal solution for enclosing outdoor spaces to create comfortable, aesthetic, and functional living areas. While the use of glass balconies on older, historic buildings in Germany may be subject to specific restrictions, they are legally permitted and highly&hellip;","_links":{"self":[{"href":"https:\/\/palmfenster.de\/en\/wp-json\/wp\/v2\/pages\/3286","targetHints":{"allow":["GET"]}}],"collection":[{"href":"https:\/\/palmfenster.de\/en\/wp-json\/wp\/v2\/pages"}],"about":[{"href":"https:\/\/palmfenster.de\/en\/wp-json\/wp\/v2\/types\/page"}],"author":[{"embeddable":true,"href":"https:\/\/palmfenster.de\/en\/wp-json\/wp\/v2\/users\/1"}],"replies":[{"embeddable":true,"href":"https:\/\/palmfenster.de\/en\/wp-json\/wp\/v2\/comments?post=3286"}],"version-history":[{"count":4,"href":"https:\/\/palmfenster.de\/en\/wp-json\/wp\/v2\/pages\/3286\/revisions"}],"predecessor-version":[{"id":3291,"href":"https:\/\/palmfenster.de\/en\/wp-json\/wp\/v2\/pages\/3286\/revisions\/3291"}],"wp:attachment":[{"href":"https:\/\/palmfenster.de\/en\/wp-json\/wp\/v2\/media?parent=3286"}],"curies":[{"name":"wp","href":"https:\/\/api.w.org\/{rel}","templated":true}]}}